{"id":95,"date":"2021-02-28T18:54:16","date_gmt":"2021-02-28T15:54:16","guid":{"rendered":"http:\/\/sonbuzulerimeden.boun.edu.tr\/?page_id=95"},"modified":"2024-09-28T17:41:24","modified_gmt":"2024-09-28T14:41:24","slug":"bilimsel-yayinlar","status":"publish","type":"page","link":"https:\/\/sonbuzulerimeden.org\/bilimsel-yayinlar\/","title":{"rendered":"Yay\u0131nlar"},"content":{"rendered":"\n<p><a href=\"http:\/\/sonbuzulerimeden.org\/index.php\/tr\/kitaplar\/\">Kitaplar<\/a><\/p>\n\n\n\n<p><a href=\"http:\/\/sonbuzulerimeden.org\/index.php\/tr\/bilimsel-makaleler\/\">Bilimsel Yay\u0131nlar<\/a><\/p>\n\n\n\n<p><a href=\"http:\/\/sonbuzulerimeden.org\/index.php\/tr\/tezler-danisman\/\">Tezler (Dan\u0131\u015fman)<\/a><\/p>\n\n\n\n<p><a href=\"http:\/\/sonbuzulerimeden.org\/index.php\/raporlar\/\">Raporlar<\/a><\/p>\n","protected":false},"excerpt":{"rendered":"<p>Kitaplar Bilimsel Yay\u0131nlar Tezler (Dan\u0131\u015fman) Raporlar<\/p>\n","protected":false},"author":1,"featured_media":43,"parent":0,"menu_order":0,"comment_status":"closed","ping_status":"closed","template":"","meta":{"footnotes":""},"class_list":["post-95","page","type-page","status-publish","has-post-thumbnail","hentry"],"_links":{"self":[{"href":"https:\/\/sonbuzulerimeden.org\/wp-json\/wp\/v2\/pages\/95"}],"collection":[{"href":"https:\/\/sonbuzulerimeden.org\/wp-json\/wp\/v2\/pages"}],"about":[{"href":"https:\/\/sonbuzulerimeden.org\/wp-json\/wp\/v2\/types\/page"}],"author":[{"embeddable":true,"href":"https:\/\/sonbuzulerimeden.org\/wp-json\/wp\/v2\/users\/1"}],"replies":[{"embeddable":true,"href":"https:\/\/sonbuzulerimeden.org\/wp-json\/wp\/v2\/comments?post=95"}],"version-history":[{"count":13,"href":"https:\/\/sonbuzulerimeden.org\/wp-json\/wp\/v2\/pages\/95\/revisions"}],"predecessor-version":[{"id":637,"href":"https:\/\/sonbuzulerimeden.org\/wp-json\/wp\/v2\/pages\/95\/revisions\/637"}],"wp:featuredmedia":[{"embeddable":true,"href":"https:\/\/sonbuzulerimeden.org\/wp-json\/wp\/v2\/media\/43"}],"wp:attachment":[{"href":"https:\/\/sonbuzulerimeden.org\/wp-json\/wp\/v2\/media?parent=95"}],"curies":[{"name":"wp","href":"https:\/\/api.w.org\/{rel}","templated":true}]}}