{"id":93,"date":"2021-02-28T18:50:53","date_gmt":"2021-02-28T15:50:53","guid":{"rendered":"http:\/\/sonbuzulerimeden.boun.edu.tr\/?page_id=93"},"modified":"2023-02-13T11:47:22","modified_gmt":"2023-02-13T08:47:22","slug":"oz-gecmis","status":"publish","type":"page","link":"https:\/\/sonbuzulerimeden.org\/oz-gecmis\/","title":{"rendered":"Profil"},"content":{"rendered":"\n<p>X ku\u015fa\u011f\u0131n\u0131n erken d\u00f6nemindenim, evliyim, \u0130stanbul\u2018da ya\u015f\u0131yorum ve Bo\u011fazi\u00e7i \u00dcniversitesi&#8217;nde \u00f6\u011fretim \u00fcyesiyim. 1984 y\u0131l\u0131nda Avusturya Lisesi&#8217;nden (Austrian High School &#8211; Sankt Georg) mezun oldum ve Bo\u011fazi\u00e7i \u00dcniversitesi&#8217;ne elektrik m\u00fchendisli\u011fi (EE) okumak i\u00e7in geldim. Lisans e\u011fitimim s\u0131ras\u0131nda, ikinci y\u0131l\u0131mdan itibaren, fizik laboratuvarlar\u0131ndaki \u00e7al\u0131\u015fmalara yard\u0131m ettim. Mezun olup EE B\u00f6l\u00fcm\u00fc&#8217;nde y\u00fcksek lisans\u0131ma ba\u015flad\u0131\u011f\u0131mda Fizik B\u00f6l\u00fcm\u00fc\u2018nde ara\u015ft\u0131rma g\u00f6revlisioldum. Bu s\u0131rada fizikte lisans e\u011fitimimi de tamamlad\u0131m.<\/p>\n\n\n\n<p>Y\u00fcksek lisans\u0131m s\u0131ras\u0131nda Dr. Selim \u015eeker\u2019in yan\u0131nda uyarlanabilir anten dizileri konusunda \u00e7al\u0131\u015ft\u0131m ve sonras\u0131nda Pittsburgh&#8217;a gittim. Nedeni basitti: Arkada\u015flar\u0131m\u0131n oldu\u011fu yerlere ba\u015fvurdum, beni kabul edenler aras\u0131nda University of Pittsburgh en iyisiydi ve Ertu\u011frul Sorar oradayd\u0131. Sorar ile birlikte \u00e7ok g\u00fczel vakit ge\u00e7irdik. Son iki y\u0131l Shadyside&#8217;de bir apartman dairesini bile payla\u015ft\u0131k (Asl\u0131nda orada yaln\u0131z ya\u015f\u0131yordum ve Sorar Aracibo&#8217;dayd\u0131; ancak bir s\u00fcre Pittsburgh&#8217;a gelmek zorunda kald\u0131 ve iki hafta benim evimde kal\u0131p kalamayaca\u011f\u0131n\u0131 sordu. Elbette, dedim. Sonra iki y\u0131l kald\u0131. O, geceleri, ben de g\u00fcnd\u00fczleri \u00e7al\u0131\u015ft\u0131\u011f\u0131m\u0131z i\u00e7in pek kar\u015f\u0131la\u015fm\u0131yorduk; ama evin bir yerlerinde oldu\u011fu i\u00e7in mutluydum). Oradaki son y\u0131l\u0131mda dan\u0131\u015fman\u0131m Dr. Jim Maher, aniden provost (akademik i\u015flerden sorumlu rekt\u00f6r yard\u0131mc\u0131s\u0131) olmak istedi\u011fine karar verdi ve tezimi bitirmemi s\u00f6yledi. \u00c7al\u0131\u015fmam\u0131 aceleyle bitirdim. Sonras\u0131nda postdoc olarak bir y\u0131l daha grupta kald\u0131m.<\/p>\n\n\n\n<p>1995 yaz\u0131nda Dan Schwartz&#8217;dan New Orleans&#8217;a gitme ve onunla Tulane \u00dcniversitesi, Kimya B\u00f6l\u00fcm\u00fc&#8217;nde \u00e7al\u0131\u015fma teklifi ald\u0131m. Teklifini kabul etti\u011fim i\u00e7in \u00e7ok mutluyum; \u00e7\u00fcnk\u00fc New Orleans&#8217;ta ge\u00e7irdi\u011fim iki y\u0131l boyunca \u00e7ok \u015fey \u00f6\u011frendim ve \u00e7ok \u015fey \u00fcrettim.<\/p>\n\n\n\n<p>1997 y\u0131l\u0131nda T\u00fcrkiye&#8217;ye d\u00f6nd\u00fcm ve Bo\u011fazi\u00e7i \u00dcniversitesi <a rel=\"noreferrer noopener\" href=\"https:\/\/phys.boun.edu.tr\/tr\" target=\"_blank\">Fizik B\u00f6l\u00fcm\u00fc<\/a>&#8216;ne yard\u0131mc\u0131 do\u00e7ent olarak kat\u0131ld\u0131m. Ayn\u0131 y\u0131l Toshiba Notebook Computers&#8217;da dan\u0131\u015fman olarak \u00e7al\u0131\u015fmaya ba\u015flad\u0131m. 1999&#8217;da do\u00e7ent ve 2005&#8217;te profes\u00f6r oldum. Uzun bir s\u00fcredir, <a rel=\"noreferrer noopener\" href=\"https:\/\/cse.boun.edu.tr\" target=\"_blank\">Hesaplamal\u0131 Bilim ve M\u00fchendislik (CSE)<\/a> y\u00fcksek lisans program\u0131n\u0131n da bir \u00fcyesi olarak \u00e7al\u0131\u015f\u0131yorum. Ayn\u0131 zamanda <a rel=\"noreferrer noopener\" href=\"http:\/\/climatechange.boun.edu.tr\" target=\"_blank\">\u0130klim De\u011fi\u015fikli\u011fi ve Politikalar\u0131 Uygulama ve Ara\u015ft\u0131rma  Merkezi (iklimBU)<\/a> \u00fcyesiyim. \u015eu anki bilimsel \u00e7al\u0131\u015fmalar\u0131m iklim bilimi ve s\u00fcrd\u00fcr\u00fclebilirlik \u00fczerine.<\/p>\n\n\n\n<p>2001 yaz\u0131nda evlendim ve e\u015fim molek\u00fcler biyolog ve Gebze Teknik \u00dcniversitesi&#8217;nde rekt\u00f6r yard\u0131mc\u0131s\u0131 olarak \u00e7al\u0131\u015f\u0131yor. Biri 2005, Mert, di\u011feri 2010 do\u011fumlu, Alp, iki o\u011flumuz var.<\/p>\n","protected":false},"excerpt":{"rendered":"<p>X ku\u015fa\u011f\u0131n\u0131n erken d\u00f6nemindenim, evliyim, \u0130stanbul\u2018da ya\u015f\u0131yorum ve Bo\u011fazi\u00e7i \u00dcniversitesi&#8217;nde \u00f6\u011fretim \u00fcyesiyim. 1984 y\u0131l\u0131nda Avusturya Lisesi&#8217;nden (Austrian High School &#8211; Sankt Georg) mezun oldum ve Bo\u011fazi\u00e7i \u00dcniversitesi&#8217;ne elektrik m\u00fchendisli\u011fi (EE) okumak i\u00e7in geldim. Lisans e\u011fitimim s\u0131ras\u0131nda, ikinci y\u0131l\u0131mdan itibaren, fizik laboratuvarlar\u0131ndaki \u00e7al\u0131\u015fmalara yard\u0131m ettim. Mezun olup EE B\u00f6l\u00fcm\u00fc&#8217;nde y\u00fcksek lisans\u0131ma ba\u015flad\u0131\u011f\u0131mda Fizik B\u00f6l\u00fcm\u00fc\u2018nde ara\u015ft\u0131rma g\u00f6revlisioldum. &hellip; <\/p>\n<p class=\"link-more\"><a href=\"https:\/\/sonbuzulerimeden.org\/oz-gecmis\/\" class=\"more-link\">Continue reading<span class=\"screen-reader-text\"> &#8220;Profil&#8221;<\/span><\/a><\/p>\n","protected":false},"author":1,"featured_media":46,"parent":0,"menu_order":0,"comment_status":"closed","ping_status":"closed","template":"","meta":{"footnotes":""},"class_list":["post-93","page","type-page","status-publish","has-post-thumbnail","hentry"],"_links":{"self":[{"href":"https:\/\/sonbuzulerimeden.org\/wp-json\/wp\/v2\/pages\/93"}],"collection":[{"href":"https:\/\/sonbuzulerimeden.org\/wp-json\/wp\/v2\/pages"}],"about":[{"href":"https:\/\/sonbuzulerimeden.org\/wp-json\/wp\/v2\/types\/page"}],"author":[{"embeddable":true,"href":"https:\/\/sonbuzulerimeden.org\/wp-json\/wp\/v2\/users\/1"}],"replies":[{"embeddable":true,"href":"https:\/\/sonbuzulerimeden.org\/wp-json\/wp\/v2\/comments?post=93"}],"version-history":[{"count":20,"href":"https:\/\/sonbuzulerimeden.org\/wp-json\/wp\/v2\/pages\/93\/revisions"}],"predecessor-version":[{"id":602,"href":"https:\/\/sonbuzulerimeden.org\/wp-json\/wp\/v2\/pages\/93\/revisions\/602"}],"wp:featuredmedia":[{"embeddable":true,"href":"https:\/\/sonbuzulerimeden.org\/wp-json\/wp\/v2\/media\/46"}],"wp:attachment":[{"href":"https:\/\/sonbuzulerimeden.org\/wp-json\/wp\/v2\/media?parent=93"}],"curies":[{"name":"wp","href":"https:\/\/api.w.org\/{rel}","templated":true}]}}