{"id":60,"date":"2021-02-22T16:19:10","date_gmt":"2021-02-22T13:19:10","guid":{"rendered":"http:\/\/sonbuzulerimeden.boun.edu.tr\/?page_id=60"},"modified":"2024-09-29T21:16:19","modified_gmt":"2024-09-29T18:16:19","slug":"kitaplar","status":"publish","type":"page","link":"https:\/\/sonbuzulerimeden.org\/kitaplar\/","title":{"rendered":"Kitaplar"},"content":{"rendered":"\n<h4 class=\"wp-block-heading\"><a href=\"https:\/\/yeniinsanyayinevi.com\/kitaplarimiz\/dongusel-ekonomi\/\">D\u00f6ng\u00fcsel Ekonomi <\/a>&#8211; G\u00fclin Y\u00fccel ve Levent Kurnaz<\/h4>\n\n\n<div class=\"wp-block-image\">\n<figure class=\"alignleft size-full is-resized\"><img loading=\"lazy\" decoding=\"async\" width=\"235\" height=\"372\" src=\"https:\/\/sonbuzulerimeden.org\/wp-content\/uploads\/2024\/09\/donguselekonomi-1.jpg\" alt=\"\" class=\"wp-image-664\" style=\"width:276px;height:auto\" srcset=\"https:\/\/sonbuzulerimeden.org\/wp-content\/uploads\/2024\/09\/donguselekonomi-1.jpg 235w, https:\/\/sonbuzulerimeden.org\/wp-content\/uploads\/2024\/09\/donguselekonomi-1-190x300.jpg 190w\" sizes=\"(max-width: 235px) 100vw, 235px\" \/><\/figure><\/div>\n\n\n<p class=\"has-text-align-left\">Sevgili G\u00fclin Y\u00fccel ve Levent Kurnaz, s\u00fcrd\u00fcr\u00fclebilirlik konular\u0131 hen\u00fcz \u015fu anki kadar g\u00fcndem olu\u015fturmadan \u00e7ok \u00f6nce, bu konu hakk\u0131nda d\u00fc\u015f\u00fcnmeye, yazmaya ve \u00e7al\u0131\u015fmaya ba\u015flad\u0131lar. Her t\u00fcr payda\u015f\u0131n konuyu do\u011fru anlamas\u0131 ve do\u011fru noktalardan harekete ge\u00e7ebilmesi i\u00e7in m\u00fccadele verdiler ve veriyorlar. Bu m\u00fccadelenin kitap olarak ilk ortak verimi\u00a0<em>Yeni Ger\u00e7e\u011fimiz: S\u00fcrd\u00fcr\u00fclebilirlik<\/em>\u00a0idi. Bu kitapta, s\u00fcrd\u00fcr\u00fclebilirlik gibi geni\u015f bir kavrama tarihsel bir perspektifle bakt\u0131lar, \u00f6zellikle iklim krizi kavram\u0131n\u0131, tar\u0131mdan m\u00fcltecili\u011fe pek \u00e7ok a\u00e7\u0131dan irdelediler. Bu ilk kitab\u0131, \u015fu soruya cevap arayan bir makale ile bitirmi\u015flerdi: \u2018At gitsin\u2019 k\u00fclt\u00fcr\u00fcnden \u2018d\u00f6ng\u00fcsel ekonomi\u2019 k\u00fclt\u00fcr\u00fcne nas\u0131l gelece\u011fiz?<\/p>\n\n\n\n<p>Bu soru, daha kapsaml\u0131 bir yan\u0131t\u0131 hak ediyordu ve bu ihtiya\u00e7, elinizde tuttu\u011funuz\u00a0<em>D\u00f6ng\u00fcsel Ekonomi<\/em>\u00a0kitab\u0131n\u0131n ortaya \u00e7\u0131k\u0131\u015f\u0131nda itici g\u00fc\u00e7 oldu. Geleneksel ekonomik d\u00fczen, \u201cAl-Yap-At\u201d\u00e7\u0131. Oysa kaynaklar k\u0131s\u0131tl\u0131. \u201cAzalt-Yeniden Kullan- D\u00f6n\u00fc\u015ft\u00fcr\u201d d\u00fcsturumuz olmal\u0131. Bunu d\u00fcstur edinmek kolay de\u011fil, ama elzem. Tar\u0131mdan tutun lojisti\u011fe, tekstilden \u015fehircili\u011fe d\u00f6ng\u00fcsel bir bak\u0131\u015fa nas\u0131l kavu\u015fabiliriz? \u0130\u015fte\u00a0<em>D\u00f6ng\u00fcsel Ekonomi<\/em>\u00a0kitab\u0131yla G\u00fclin Y\u00fccel ve Levent Kurnaz, bize bu konularda \u0131\u015f\u0131k tutuyor. Yery\u00fcz\u00fcn\u00fcn s\u0131n\u0131rlar\u0131yla ya\u015famay\u0131 \u00f6\u011frenmeliyiz. \u00dcrkmeden ve y\u0131lmadan sorular\u0131m\u0131za cevap aramal\u0131y\u0131z. De\u011fi\u015fim tam da buradan ba\u015fl\u0131yor. \u00dcstelik G\u00fclin Y\u00fccel ve Levent Kurnaz, bu kitapla de\u011fi\u015fim i\u00e7in bir yol haritas\u0131 da sunuyor.<\/p>\n\n\n\n<p><strong>Kitap K\u00fcnyesi:<br>Yay\u0131nc\u0131:\u00a0<\/strong>Yeni \u0130nsan Yay\u0131nevi<strong><br>ISBN<\/strong>: <em>978-625-6813-14-4<\/em><br><strong>Sayfa<\/strong>\u00a0<strong>Say\u0131s\u0131<\/strong>: 160<br><strong>Ebat<\/strong>: 13,5 x 21 cm<br><strong>Yay\u0131n<\/strong>\u00a0<strong>Tarihi<\/strong>: 2024<br><strong>Kategori<\/strong>: Ekoloji<a href=\"https:\/\/www.dogankitap.com.tr\/kitap\/son-buzul-erimeden\" target=\"_blank\" rel=\"noreferrer noopener\"><br><\/a><\/p>\n\n\n\n<hr class=\"wp-block-separator has-css-opacity is-style-wide\"\/>\n\n\n\n<h4 class=\"wp-block-heading\"><a href=\"https:\/\/yeniinsanyayinevi.com\/kitaplarimiz\/yeni-gercegimiz-surdurulebilirlik\/?v=29b90007cbf9\" target=\"_blank\" rel=\"noreferrer noopener\">Yeni Ger\u00e7e\u011fimiz S\u00fcrd\u00fcr\u00fclebilirlik<\/a> &#8211; G\u00fclin Y\u00fccel ve Levent Kurnaz<\/h4>\n\n\n<div class=\"wp-block-image\">\n<figure class=\"alignleft size-full is-resized\"><img loading=\"lazy\" decoding=\"async\" width=\"349\" height=\"549\" src=\"https:\/\/sonbuzulerimeden.org\/wp-content\/uploads\/2024\/09\/YeniGercegimizSurdurulebilirlik-1.png\" alt=\"\" class=\"wp-image-654\" style=\"width:268px;height:auto\" srcset=\"https:\/\/sonbuzulerimeden.org\/wp-content\/uploads\/2024\/09\/YeniGercegimizSurdurulebilirlik-1.png 349w, https:\/\/sonbuzulerimeden.org\/wp-content\/uploads\/2024\/09\/YeniGercegimizSurdurulebilirlik-1-191x300.png 191w\" sizes=\"(max-width: 349px) 100vw, 349px\" \/><\/figure><\/div>\n\n\n<p class=\"has-text-align-left\">Yeni \u0130nsan Yay\u0131nevi olarak, s\u00fcrd\u00fcr\u00fclebilirlik kavram\u0131n\u0131n i\u00e7inin bo\u015falt\u0131lmas\u0131na asla raz\u0131 olmad\u0131k. \u0130klim krizinin hepimizin birincil g\u00fcndemi ve meselesi olmas\u0131 gerekti\u011fini yorulmadan dillendirdik.<\/p>\n\n\n\n<p class=\"has-text-align-left\">G\u00fclin Y\u00fccel ve Levent Kurnaz ayn\u0131 kayg\u0131larla ve g\u00fcne\u015f gibi parlayan umutlarla, bu de\u011ferli metni uzun bir s\u00fcre\u00e7te kurgulad\u0131. Ve s\u00fcrd\u00fcr\u00fclebilirli\u011fe hak etti\u011fi&nbsp; de\u011feri vermenin \u00f6tesinde, hayati k\u0131ymetini iade etmek ve iklim krizini tersine \u00e7evirmek i\u00e7in m\u00fcthi\u015f bir m\u00fccadelenin i\u00e7indeler.<\/p>\n\n\n\n<p>\u015eimdi okurlar\u0131m\u0131z\u0131 bu duyarl\u0131l\u0131\u011fa, birlikte kuraca\u011f\u0131m\u0131z p\u0131r\u0131l p\u0131r\u0131l bir gelece\u011fe ve harekete ge\u00e7meye davet ediyorlar. Umuyoruz ki okurlar\u0131m\u0131z bu bir s\u00f6ze, bin s\u00f6z katarlar.<\/p>\n\n\n\n<p><strong>Kitap K\u00fcnyesi:<br>Yay\u0131nc\u0131:&nbsp;<\/strong>Yeni \u0130nsan Yay\u0131nevi<strong><br>ISBN<\/strong>: 978-605-7764-66-9<br><strong>Sayfa<\/strong>&nbsp;<strong>Say\u0131s\u0131<\/strong>: 176<br><strong>Ebat<\/strong>: 13,5 x 21 cm<br><strong>Yay\u0131n<\/strong>&nbsp;<strong>Tarihi<\/strong>: 2021<br><strong>Kategori<\/strong>: Ekoloji<a rel=\"noreferrer noopener\" href=\"https:\/\/www.dogankitap.com.tr\/kitap\/son-buzul-erimeden\" target=\"_blank\"><br><\/a><\/p>\n\n\n\n<hr class=\"wp-block-separator has-css-opacity is-style-wide\"\/>\n\n\n\n<h4 class=\"wp-block-heading\"><a href=\"https:\/\/www.dogankitap.com.tr\/kitap\/son-buzul-erimeden\" data-type=\"URL\" data-id=\"https:\/\/www.dogankitap.com.tr\/kitap\/son-buzul-erimeden\" target=\"_blank\" rel=\"noreferrer noopener\">Son Buzul Erimeden: \u0130klim De\u011fi\u015fikli\u011fi Hakk\u0131nda Merak Etti\u011finiz Her \u015eey<\/a> &#8211; Levent Kurnaz<\/h4>\n\n\n\n<div class=\"wp-block-media-text alignwide is-stacked-on-mobile\" style=\"grid-template-columns:40% auto\"><figure class=\"wp-block-media-text__media\"><a href=\"https:\/\/www.dogankitap.com.tr\/kitap\/son-buzul-erimeden\" target=\"_blank\" rel=\"noopener\"><img loading=\"lazy\" decoding=\"async\" width=\"663\" height=\"1024\" src=\"https:\/\/sonbuzulerimeden.org\/wp-content\/uploads\/2024\/09\/sonbuzulerimedenkitap-663x1024.jpeg\" alt=\"\" class=\"wp-image-660 size-full\" srcset=\"https:\/\/sonbuzulerimeden.org\/wp-content\/uploads\/2024\/09\/sonbuzulerimedenkitap-663x1024.jpeg 663w, https:\/\/sonbuzulerimeden.org\/wp-content\/uploads\/2024\/09\/sonbuzulerimedenkitap-194x300.jpeg 194w, https:\/\/sonbuzulerimeden.org\/wp-content\/uploads\/2024\/09\/sonbuzulerimedenkitap-768x1187.jpeg 768w, https:\/\/sonbuzulerimeden.org\/wp-content\/uploads\/2024\/09\/sonbuzulerimedenkitap.jpeg 800w\" sizes=\"(max-width: 663px) 100vw, 663px\" \/><\/a><\/figure><div class=\"wp-block-media-text__content\">\n<p><strong>Bu \u00e7a\u011fr\u0131ya kulak ver!<\/strong><\/p>\n\n\n\n<p>\u0130klim, insanl\u0131k tarihinde g\u00f6r\u00fclmedik bir bi\u00e7imde de\u011fi\u015fiyor. Bu de\u011fi\u015fim \u00f6yle h\u0131zl\u0131 ki, d\u00fcnyadaki varl\u0131\u011f\u0131m\u0131z\u0131 tehdit ediyor ve \u00f6nlem almazsak, gelecek nesiller zorlu iklim ko\u015fullar\u0131na boyun e\u011fecek. K\u00f6m\u00fcr, petrol ve do\u011falgaz yakarak atmosfere sald\u0131\u011f\u0131m\u0131z sera gazlar\u0131yla bu sorunu biz yaratt\u0131k ama istersek \u00fcstesinden gelebiliriz. Yeter ki son buzul erimeden bilin\u00e7lenip gerekeni yapal\u0131m.<\/p>\n<\/div><\/div>\n\n\n\n<p>\u0130klim de\u011fi\u015fikli\u011fi \u00fczerine \u00e7al\u0131\u015fmalar\u0131yla tan\u0131nan Prof. Dr. Levent Kurnaz, y\u0131llard\u0131r konu\u015fulan bu sorunu bireysel, ulusal ve uluslararas\u0131 d\u00fczeyde t\u00fcm boyutlar\u0131yla ele ald\u0131. Son Buzul Erimeden bildi\u011fimizi sand\u0131\u011f\u0131m\u0131z ger\u00e7ekleri hayk\u0131r\u0131yor ve iklim de\u011fi\u015fikli\u011fini kula\u011f\u0131m\u0131za \u00e7al\u0131nan bir haber ba\u015fl\u0131\u011f\u0131 olmaktan \u00e7\u0131kararak hayat\u0131m\u0131z\u0131n tam i\u00e7ine ta\u015f\u0131yor.<\/p>\n\n\n\n<p><strong>Kitap K\u00fcnyesi:<br>Yay\u0131nc\u0131:&nbsp;<\/strong>Do\u011fan Kitap<strong><br>ISBN<\/strong>: 978-605-09-6611-4<br><strong>Sayfa<\/strong>&nbsp;<strong>Say\u0131s\u0131<\/strong>: 480<br><strong>Ebat<\/strong>: 13,6 x 21 cm<br><strong>Yay\u0131n<\/strong>&nbsp;<strong>Tarihi<\/strong>: Eyl\u00fcl 2019<br><strong>Kategori<\/strong>: Ara\u015ft\u0131rma \u2013 \u0130nceleme<\/p>\n\n\n\n<hr class=\"wp-block-separator has-css-opacity is-style-wide\"\/>\n\n\n\n<h4 class=\"wp-block-heading\"><a href=\"https:\/\/www.amazon.com.tr\/Astronomi-Prof-Dr-Levent-Kurnaz\/dp\/6058192668\" target=\"_blank\" rel=\"noreferrer noopener\">Astronomi &#8211; 1<\/a> &#8211; Levent Kurnaz<\/h4>\n\n\n<div class=\"wp-block-image is-resized\">\n<figure class=\"alignleft size-full\"><img loading=\"lazy\" decoding=\"async\" width=\"318\" height=\"437\" src=\"https:\/\/sonbuzulerimeden.org\/wp-content\/uploads\/2024\/09\/51906830._SX318_SY475_-1.jpg\" alt=\"\" class=\"wp-image-658\" srcset=\"https:\/\/sonbuzulerimeden.org\/wp-content\/uploads\/2024\/09\/51906830._SX318_SY475_-1.jpg 318w, https:\/\/sonbuzulerimeden.org\/wp-content\/uploads\/2024\/09\/51906830._SX318_SY475_-1-218x300.jpg 218w\" sizes=\"(max-width: 318px) 100vw, 318px\" \/><\/figure><\/div>\n\n\n<p id=\"block-5fff5b76-f69a-4885-a436-67f484461129\">Astronomi genelde \u00e7o\u011fumuzun ilgi duydu\u011fu ama e\u011fitimimiz s\u0131ras\u0131nda pek fazla g\u00f6rmedi\u011fimiz bir konu. Bu kitab\u0131n amac\u0131 sizlere \u00e7evremizdeki astronomi konusunda bir genel k\u00fclt\u00fcr sa\u011flayabilmek.<br>Prof. Dr. M. Levent Kurnaz: \u2018\u2018\u0130lk b\u00f6l\u00fcm\u00fcn\u00fcn g\u00f6zlemledi\u011fimiz g\u00f6ky\u00fcz\u00fcn\u00fc, astronominin geli\u015fimini ve G\u00fcne\u015f Sistemini, ikinci b\u00f6l\u00fcm\u00fcn de G\u00fcne\u015f\u2019ten ba\u015flayarak y\u0131ld\u0131zlar\u0131, galaksileri ve evrendeki kara delikle gibi di\u011fer ilgin\u00e7 g\u00f6k cisimlerini kapsamas\u0131n\u0131 planlad\u0131k.\u2019\u2019<\/p>\n\n\n\n<p><\/p>\n\n\n\n<p><\/p>\n\n\n\n<p id=\"block-970087a2-66df-463c-8815-508a1d377d07\"><strong>Kitap K\u00fcnyesi:<br>Yay\u0131nc\u0131:&nbsp;<\/strong>ABA <strong><br>ISBN<\/strong>: 978-605-81-9266-9<br><strong>Sayfa<\/strong>&nbsp;<strong>Say\u0131s\u0131<\/strong>: 193<br><strong>Ebat<\/strong>: 13,5 x 21 cm<br><strong>Yay\u0131n<\/strong>&nbsp;<strong>Tarihi<\/strong>: Eyl\u00fcl 2018<br><strong>Kategori<\/strong>: Ara\u015ft\u0131rma \u2013 \u0130nceleme<\/p>\n\n\n\n<hr class=\"wp-block-separator has-css-opacity is-style-wide\"\/>\n\n\n\n<h4 class=\"wp-block-heading\"><a href=\"https:\/\/www.amazon.com\/Correlation-Analysis-Housing-Economic-Indicators\/dp\/3838318641\" target=\"_blank\" rel=\"noreferrer noopener\">Correlation Analysis of Housing Prices and Economic Indicators: An application of econophysics to housing prices<\/a> &#8211; Levent Kurnaz ve Hamza Alt\u0131nsoy (\u0130ngilizce)<\/h4>\n\n\n<div class=\"wp-block-image is-resized\">\n<figure class=\"alignleft size-medium\"><img loading=\"lazy\" decoding=\"async\" width=\"200\" height=\"300\" src=\"https:\/\/sonbuzulerimeden.org\/wp-content\/uploads\/2024\/09\/correlationhamza-200x300.jpg\" alt=\"\" class=\"wp-image-662\" style=\"width:299px;height:auto\" srcset=\"https:\/\/sonbuzulerimeden.org\/wp-content\/uploads\/2024\/09\/correlationhamza-200x300.jpg 200w, https:\/\/sonbuzulerimeden.org\/wp-content\/uploads\/2024\/09\/correlationhamza.jpg 667w\" sizes=\"(max-width: 200px) 100vw, 200px\" \/><\/figure><\/div>\n\n\n<p>In the recent years, complex systems research has included economy as a complex web of human interactions, and exciting progress has been made in connecting economy to biological, cognitive and behavioral sciences. Certain tools of statistical physics can be used in the area of complex systems which certainly includes economics. This work deals with the effects of economic indicators on house prices in eighteen countries, mostly in the western world. The economic indicators utilized in this study are gross domestic product, population, Consumer Price Index and Retail Price Index. By using a clustering algorithm, changes in house prices in different countries are used to categorize these countries. These results are then used to investigate the possible house price bubbles in these countries.<\/p>\n\n\n\n<p><strong>Product details<br><strong>Publisher :&nbsp;<\/strong><\/strong>LAP Lambert Academic Publishing<strong><br>ISBN<\/strong>: 978-383-83-1864-6<br><strong>Paperback<\/strong>: 88 pages<br><strong>Dimensions<\/strong>: 15 x 22 cm<br><strong>Published in<\/strong>: October 2009<br><strong>Category<\/strong>: Research<\/p>\n","protected":false},"excerpt":{"rendered":"<p>D\u00f6ng\u00fcsel Ekonomi &#8211; G\u00fclin Y\u00fccel ve Levent Kurnaz Sevgili G\u00fclin Y\u00fccel ve Levent Kurnaz, s\u00fcrd\u00fcr\u00fclebilirlik konular\u0131 hen\u00fcz \u015fu anki kadar g\u00fcndem olu\u015fturmadan \u00e7ok \u00f6nce, bu konu hakk\u0131nda d\u00fc\u015f\u00fcnmeye, yazmaya ve \u00e7al\u0131\u015fmaya ba\u015flad\u0131lar. Her t\u00fcr payda\u015f\u0131n konuyu do\u011fru anlamas\u0131 ve do\u011fru noktalardan harekete ge\u00e7ebilmesi i\u00e7in m\u00fccadele verdiler ve veriyorlar. Bu m\u00fccadelenin kitap olarak ilk ortak verimi\u00a0Yeni &hellip; <\/p>\n<p class=\"link-more\"><a href=\"https:\/\/sonbuzulerimeden.org\/kitaplar\/\" class=\"more-link\">Continue reading<span class=\"screen-reader-text\"> &#8220;Kitaplar&#8221;<\/span><\/a><\/p>\n","protected":false},"author":1,"featured_media":0,"parent":0,"menu_order":0,"comment_status":"closed","ping_status":"closed","template":"","meta":{"footnotes":""},"class_list":["post-60","page","type-page","status-publish","hentry"],"_links":{"self":[{"href":"https:\/\/sonbuzulerimeden.org\/wp-json\/wp\/v2\/pages\/60"}],"collection":[{"href":"https:\/\/sonbuzulerimeden.org\/wp-json\/wp\/v2\/pages"}],"about":[{"href":"https:\/\/sonbuzulerimeden.org\/wp-json\/wp\/v2\/types\/page"}],"author":[{"embeddable":true,"href":"https:\/\/sonbuzulerimeden.org\/wp-json\/wp\/v2\/users\/1"}],"replies":[{"embeddable":true,"href":"https:\/\/sonbuzulerimeden.org\/wp-json\/wp\/v2\/comments?post=60"}],"version-history":[{"count":24,"href":"https:\/\/sonbuzulerimeden.org\/wp-json\/wp\/v2\/pages\/60\/revisions"}],"predecessor-version":[{"id":668,"href":"https:\/\/sonbuzulerimeden.org\/wp-json\/wp\/v2\/pages\/60\/revisions\/668"}],"wp:attachment":[{"href":"https:\/\/sonbuzulerimeden.org\/wp-json\/wp\/v2\/media?parent=60"}],"curies":[{"name":"wp","href":"https:\/\/api.w.org\/{rel}","templated":true}]}}