{"id":363,"date":"2021-03-07T15:53:17","date_gmt":"2021-03-07T12:53:17","guid":{"rendered":"http:\/\/sonbuzulerimeden.boun.edu.tr\/?page_id=363"},"modified":"2021-03-16T13:40:05","modified_gmt":"2021-03-16T10:40:05","slug":"yayimlanmis-ulusal-toplanti-ozetleri","status":"publish","type":"page","link":"https:\/\/sonbuzulerimeden.org\/yayimlanmis-ulusal-toplanti-ozetleri\/","title":{"rendered":"Yay\u0131mlanm\u0131\u015f Ulusal Toplant\u0131 \u00d6zetleri"},"content":{"rendered":"\n<h4 class=\"wp-block-heading\">2016<\/h4>\n\n\n\n<p>\u201c\u0130klim De\u011fi\u015fikli\u011finin A\u00e7\u0131khava M\u00fczeleri \u00dczerine Etkisi\u201d, M. L. Kurnaz, De\u011fi\u015fen M\u00fcze Teknolojileri Konferans, Istanbul Turkey, 20-22 May (2016).<\/p>\n\n\n\n<p>\u201c\u0130klim De\u011fi\u015fikli\u011finin Ergan Da\u011f\u0131 K\u0131\u015f Sporlar\u0131 Merkezi&#8217;nde Yapay Karlama Kapasitesine Etkisi\u201d, O. C. Demiroglu, M. T. Turp, T. Ozturk, and M. L. Kurnaz, 1. Ulusal Alternatif Turizm Kongresi, Erzincan Turkey, 7-9 April (2016).<\/p>\n\n\n\n<h4 class=\"wp-block-heading\">2015<\/h4>\n\n\n\n<p>\u201c\u0130klim De\u011fi\u015fikli\u011finin K\u00fclt\u00fcrel Miras \u00dczerindeki Etkisi: Efes Antik Kenti \u00d6rne\u011fi\u201d, D. Yilmaz, T. Ozturk, and M. L. Kurnaz, Ulusal M\u00fczecilik Sempozyumu, Istanbul Turkey, 20-22 May (2015).<\/p>\n\n\n\n<h4 class=\"wp-block-heading\">2014<\/h4>\n\n\n\n<p>\u201cSimulation of temperature and precipitation climatology for Central Asia domain using Regional Climate Modelling\u201d, 21. \u0130statistik Fizik G\u00fcnleri, Kayseri, Turkey, 19-20 June (2014).<\/p>\n\n\n\n<h4 class=\"wp-block-heading\">2013<\/h4>\n\n\n\n<p>\u201c\u0130klim De\u011fi\u015fikli\u011finin K\u0131\u015f Turizmine Etkisi\u201d, Z. Pelin Ceber, Tugba Ozturk, and M. Levent Kurnaz, III. T\u00fcrkiye \u0130klim De\u011fi\u015fikli\u011fi Kongresi, T\u0130KDEK 2013, Istanbul, Turkey, 3-5 June (2013).<\/p>\n\n\n\n<p>\u201c\u0130klim De\u011fi\u015fikli\u011finin A\u00e7\u0131k Hava M\u00fczelerine Etkisi G\u00f6reme A\u00e7\u0131k Hava M\u00fczesi \u00d6rne\u011fi\u201d, Diler Yilmaz, Tugba Ozturk, and M. Levent Kurnaz, III. T\u00fcrkiye \u0130klim De\u011fi\u015fikli\u011fi Kongresi, T\u0130KDEK 2013, Istanbul, Turkey, 3-5 June (2013).<\/p>\n\n\n\n<p>\u201c\u0130klim De\u011fi\u015fikli\u011finin T\u00fcrkiye&#8217;de Yaz Turizmine Etkisi\u201d, Belkis Gokbulut, Tugba Ozturk, and M. Levent Kurnaz, III. T\u00fcrkiye \u0130klim De\u011fi\u015fikli\u011fi Kongresi, T\u0130KDEK 2013, Istanbul, Turkey, 3-5 June (2013).<\/p>\n\n\n\n<h4 class=\"wp-block-heading\">2011<\/h4>\n\n\n\n<p>&#8220;Kendi Ekseni Etraf\u0131nda \u0130vmelendirilen Yatay D\u00fczlemde Silindirik Kum Y\u0131\u011f\u0131nlar\u0131n\u0131n Olu\u015fumu ve Y\u00fczey Dinamiklerinin \u0130ncelenmesi\u201d, S. Manukyan, S. Pekkendir and M. L. Kurnaz, 28. Uluslararas\u0131 Fizik Kongresi, Bodrum Turkey, 6-9 September (2011).<\/p>\n\n\n\n<p>\u201cK\u00fcresel \u0130klim Modeli Kullan\u0131larak Akdeniz Havzas\u0131&#8217;n\u0131n Gelecek Hava S\u0131cakl\u0131\u011f\u0131 ve Ya\u011f\u0131\u015f De\u011fi\u015fikliklerinin Kestirilmesi\u201d, H. Alt\u0131nsoy, T. \u00d6zt\u00fcrk, M. T\u00fcrke\u015f and M. L. Kurnaz, Uluslararas\u0131 Kat\u0131l\u0131ml\u0131 Co\u011frafya Kongresi, Istanbul Turkey, 6-9 September (2011).<\/p>\n\n\n\n<p>\u201cKuzey Atlantik Sal\u0131n\u0131m Endeksi ile T\u00fcrkiye&#8217;nin S\u0131cakl\u0131k ve Ya\u011f\u0131\u015f Rejimi Aras\u0131ndaki \u0130statistiksel \u0130li\u015fki\u201d, M. T. Turp and M. L. Kurnaz, 27. Uluslararas\u0131 Fizik Kongresi, Istanbul Turkey, 14-17 September (2011).<\/p>\n\n\n\n<p>\u201cG\u00fcne\u015f G\u00f6zlerinin Veriminin \u0130klimdeki De\u011fi\u015fikliklere Ba\u011fl\u0131 Olarak De\u011fi\u015fimi\u201d, M. Asl\u0131 and M. L. Kurnaz, 27. Uluslararas\u0131 Fizik Kongresi, Istanbul Turkey, 14-17 September (2011).<\/p>\n\n\n\n<p>\u201cT\u00fcrkiye&#8217;nin Gelecekteki F\u0131nd\u0131k Verimine \u0130klim De\u011fi\u015fikli\u011finin Olas\u0131 Etkileri\u201d, Z. P. \u00c7eber, S. \u00d6zaskan and M. L. Kurnaz, 27. Uluslararas\u0131 Fizik Kongresi, Istanbul Turkey, 14-17 September (2011).<\/p>\n\n\n\n<p>\u201c\u0130klim De\u011fi\u015fikli\u011finin T\u00fcrkiye Tar\u0131m \u00dcr\u00fcnlerinin Verimi \u00dczerine Etkisi\u201d, C. Kurt, A. R. Mu\u015f, H. Alt\u0131nsoy and M. L. Kurnaz, 27. Uluslararas\u0131 Fizik Kongresi, Istanbul Turkey, 14-17 September (2011).<\/p>\n\n\n\n<p>\u201c\u0130statistiksel Metotlar Kullan\u0131larak \u0130klim De\u011fi\u015fkenlerinin U\u015f Olaylar Analizi\u201d, T. \u00d6zt\u00fcrk, H. Alt\u0131nsoy and M. L. Kurnaz, 27. Uluslararas\u0131 Fizik Kongresi, Istanbul Turkey, 14-17 September (2011).<\/p>\n\n\n\n<p>\u201cT\u00fcrkiye&#8217;de Y\u00fczy\u0131l\u0131n 2070-2100 Y\u0131llar\u0131 i\u00e7in S\u0131cakl\u0131k ve Ya\u011f\u0131\u015f Rejimi Tahminleri\u201d, A. Y\u00fcnc\u00fc, T. \u00d6zt\u00fcrk, H. Alt\u0131nsoy and M. L. Kurnaz , 27. Uluslararas\u0131 Fizik Kongresi, Istanbul Turkey, 14-17 September (2011).<\/p>\n\n\n\n<h4 class=\"wp-block-heading\">2010<\/h4>\n\n\n\n<p>\u201cClimate Variable Extreme Event Analysis by Using Statistical Methods&#8221;, T. \u00d6zt\u00fcrk, H. Alt\u0131nsoy and M. L. Kurnaz, 17. \u0130statistik Fizik G\u00fcnleri, Istanbul, Turkey, 1-3 July (2010).<\/p>\n\n\n\n<p>&#8220;Projection of 21st Century Turkey Precipitation and Temperature&#8221;, H. Alt\u0131nsoy, A. Y\u00fcnc\u00fc, T. \u00d6zt\u00fcrk and M. L. Kurnaz, 17. \u0130statistik Fizik G\u00fcnleri, Istanbul, Turkey, 1-3 July (2010).<\/p>\n\n\n\n<p>&#8220;T\u00fcrkiye\u2019nin Gelece\u011finde \u0130klim De\u011fi\u015fikli\u011fi ve Etkileri&#8221;, M. L. Kurnaz, II. T\u00fcrkiye \u0130klim De\u011fi\u015fikli\u011fi Kongresi, Istanbul, 16-18 June (2010).<\/p>\n\n\n\n<p>&#8220;\u0130klim De\u011fi\u015fkenlerinin ve N\u00fcfusun T\u00fcrkiye Tar\u0131m \u00dcr\u00fcnlerinin Verimi \u00dczerine Etkisi&#8221;, A. R. Mu\u015f, C. Kurt, H. Alt\u0131nsoy and M. L. Kurnaz, II. T\u00fcrkiye \u0130klim De\u011fi\u015fikli\u011fi Kongresi, Istanbul, 16-18 June (2010).<\/p>\n\n\n\n<h4 class=\"wp-block-heading\">2008<\/h4>\n\n\n\n<p>&#8220;Alternative Genetic Coding Tables and Robustness to Mutations&#8221;, M. L. Kurnaz, T. Bilgin and I. Aksan Kurnaz, 20. Ulusal Biyokimya Kongresi, Nev\u015fehir, 29 October \u2013 1 November (2008).<\/p>\n\n\n\n<p>&#8220;The application of the modified form of Bath\u2019s law to the fault zones in Turkey&#8221;, T. \u00d6zt\u00fcrk G\u00f6kg\u00f6l and M. L. Kurnaz, 15. \u0130statistik Fizik G\u00fcnleri, Ko\u00e7 \u00dcniversitesi, Istanbul, Turkey, 19-21 June (2008).<\/p>\n\n\n\n<p>&#8220;Multilane highway traffic model and analysis of the traffic jam formation&#8221;, A. N. Imrem and M. L. Kurnaz, 15. \u0130statistik Fizik G\u00fcnleri, Ko\u00e7 \u00dcniversitesi, Istanbul, Turkey, 19-21 June (2008).<\/p>\n\n\n\n<p>&#8220;Two dimensional packing of granular Rods&#8221;, Y. Demira\u011fa\u00e7, S. Sar\u0131kaya and M. L. Kurnaz, 15. \u0130statistik Fizik G\u00fcnleri, Ko\u00e7 \u00dcniversitesi, Istanbul, Turkey, 19-21 June (2008).<\/p>\n\n\n\n<h4 class=\"wp-block-heading\">2007<\/h4>\n\n\n\n<p>&#8220;Cellular Automata Modelling of Multilane Highway Traffic&#8221;, N. \u0130mrem, H. T. King and M. L. Kurnaz, 14. \u0130statistik Fizik G\u00fcnleri, Bo\u011fazi\u00e7i \u00dcniversitesi, Istanbul, Turkey, 21-23 June (2007).<\/p>\n\n\n\n<h4 class=\"wp-block-heading\">2006<\/h4>\n\n\n\n<p>&#8220;Self-Organized Criticality in Nonisotropic OFC Model&#8221;, \u015e. M. Cebeci and M. L. Kurnaz, 13. \u0130statistik Fizik G\u00fcnleri, Bo\u011fazi\u00e7i \u00dcniversitesi, Istanbul, Turkey, 6-8 July (2006).<\/p>\n\n\n\n<h4 class=\"wp-block-heading\">2005<\/h4>\n\n\n\n<p>&#8220;3D Monte Carlo Simulation of Lattice Growth with Lattice Defects&#8221;, \u015e. M. Cebeci, E. Kamber, and M. L. Kurnaz, 12. \u0130statistik Fizik G\u00fcnleri, Istanbul Teknik \u00dcniversitesi, Istanbul, Turkey, June 30- July 2 (2005).<\/p>\n\n\n\n<h4 class=\"wp-block-heading\">2004<\/h4>\n\n\n\n<p>&#8220;A Computational Model to Investigate the Evolution of Gene Expression&#8221;, E. G\u00fcltepe and M. L. Kurnaz, Istanbul Teknik \u00dcniversitesi 11. \u0130statistik Fizik G\u00fcnleri, 24-25 June, (2004).<\/p>\n\n\n\n<p>&#8220;Application of Detrended Fluctuation Analysis to Monthly Average of the Maximum Daily Temperatures to Resolve Different Climates&#8221;, C. Y\u00fcksel and M. L. Kurnaz, Istanbul Teknik \u00dcniversitesi 11. \u0130statistik Fizik G\u00fcnleri, 24-25 June, (2004).<\/p>\n\n\n\n<h4 class=\"wp-block-heading\">2002<\/h4>\n\n\n\n<p>&#8220;Statistical Investigation of the Sources of Ultra High Energy Cosmic Rays&#8221;, U. Kemiktarak, B. Altunkaynak, M. L. Kurnaz and \u0130. Semiz, Istanbul Teknik \u00dcniversitesi 9. \u0130statistik Fizik G\u00fcnleri, 4-5 July,\u00a0 (2002).<\/p>\n\n\n\n<p>&#8220;Analysis of Daily Temperature Fluctuations&#8221;, E. Bing\u00f6l and M. L. Kurnaz, Istanbul Teknik \u00dcniversitesi 9. \u0130statistik Fizik G\u00fcnleri, 4-5 July, (2002).<\/p>\n\n\n\n<p>&#8220;Fractal Structure of Different Genres of Music&#8221;, G. \u00c7ehreli, C. Erol and M. L. Kurnaz, Istanbul Teknik \u00dcniversitesi 9. \u0130statistik Fizik G\u00fcnleri, 4-5 July, (2002).<\/p>\n\n\n\n<p>&#8220;The Effect of the Third Dimension on the Roughness of Surfaces Formed by Sedimenting Particles in Quasi-Two-Dimensions&#8221;, \u00dc. \u00c7ardak, A. Hamamc\u0131 and M. L. Kurnaz, Istanbul Teknik \u00dcniversitesi 9. \u0130statistik Fizik G\u00fcnleri, 4-5 July, (2002).<\/p>\n\n\n\n<p>&#8220;A Statistical Approach to Basic Questions in Evolutionary Biology&#8221;, E. G\u00fcltepe and M. L. Kurnaz, Istanbul Teknik \u00dcniversitesi 9. \u0130statistik Fizik G\u00fcnleri, 4-5 July, (2002).<\/p>\n\n\n\n<p>&#8220;Ultra-Y\u00fcksek Enerjili Kozmik I\u015f\u0131nlar\u0131n Kaynaklar\u0131n\u0131n Ara\u015ft\u0131r\u0131lmas\u0131&#8221;, \u0130. Semiz, M. L. Kurnaz, U. Kemiktarak and \u0130. B. Altunkaynak, T\u00fcrk Fizik Derne\u011fi 21. Fizik Kongresi 11-14 September, (2002).<\/p>\n\n\n\n<h4 class=\"wp-block-heading\">2001<\/h4>\n\n\n\n<p>&#8220;Parallel Computing for the Simulation of Simple Model Systems&#8221;, M. L. Kurnaz, Istanbul Teknik \u00dcniversitesi 8. \u0130statistik Fizik G\u00fcnleri, 5-6 July, (2001).<\/p>\n\n\n\n<h4 class=\"wp-block-heading\">1998<\/h4>\n\n\n\n<p>&#8220;System Size Effects in Surfaces Formed by Sedimentation&#8221;, M. L. Kurnaz, G. Tregre, and K. V. McCloud, Istanbul Teknik \u00dcniversitesi 5. \u0130statistik Fizik G\u00fcnleri, 2-3 July, (1998).<\/p>\n\n\n\n<p>&#8220;Channel Flow in a Langmuir Monolayer&#8221;, M. L. Kurnaz, Chemical Physics III, Bogazici \u00dcniversitesi, Istanbul, Turkey (1998).<\/p>\n","protected":false},"excerpt":{"rendered":"<p>2016 \u201c\u0130klim De\u011fi\u015fikli\u011finin A\u00e7\u0131khava M\u00fczeleri \u00dczerine Etkisi\u201d, M. L. Kurnaz, De\u011fi\u015fen M\u00fcze Teknolojileri Konferans, Istanbul Turkey, 20-22 May (2016). \u201c\u0130klim De\u011fi\u015fikli\u011finin Ergan Da\u011f\u0131 K\u0131\u015f Sporlar\u0131 Merkezi&#8217;nde Yapay Karlama Kapasitesine Etkisi\u201d, O. C. Demiroglu, M. T. Turp, T. Ozturk, and M. L. Kurnaz, 1. Ulusal Alternatif Turizm Kongresi, Erzincan Turkey, 7-9 April (2016). 2015 \u201c\u0130klim De\u011fi\u015fikli\u011finin &hellip; <\/p>\n<p class=\"link-more\"><a href=\"https:\/\/sonbuzulerimeden.org\/yayimlanmis-ulusal-toplanti-ozetleri\/\" class=\"more-link\">Continue reading<span class=\"screen-reader-text\"> &#8220;Yay\u0131mlanm\u0131\u015f Ulusal Toplant\u0131 \u00d6zetleri&#8221;<\/span><\/a><\/p>\n","protected":false},"author":1,"featured_media":0,"parent":0,"menu_order":0,"comment_status":"closed","ping_status":"closed","template":"","meta":{"footnotes":""},"class_list":["post-363","page","type-page","status-publish","hentry"],"_links":{"self":[{"href":"https:\/\/sonbuzulerimeden.org\/wp-json\/wp\/v2\/pages\/363"}],"collection":[{"href":"https:\/\/sonbuzulerimeden.org\/wp-json\/wp\/v2\/pages"}],"about":[{"href":"https:\/\/sonbuzulerimeden.org\/wp-json\/wp\/v2\/types\/page"}],"author":[{"embeddable":true,"href":"https:\/\/sonbuzulerimeden.org\/wp-json\/wp\/v2\/users\/1"}],"replies":[{"embeddable":true,"href":"https:\/\/sonbuzulerimeden.org\/wp-json\/wp\/v2\/comments?post=363"}],"version-history":[{"count":2,"href":"https:\/\/sonbuzulerimeden.org\/wp-json\/wp\/v2\/pages\/363\/revisions"}],"predecessor-version":[{"id":423,"href":"https:\/\/sonbuzulerimeden.org\/wp-json\/wp\/v2\/pages\/363\/revisions\/423"}],"wp:attachment":[{"href":"https:\/\/sonbuzulerimeden.org\/wp-json\/wp\/v2\/media?parent=363"}],"curies":[{"name":"wp","href":"https:\/\/api.w.org\/{rel}","templated":true}]}}