{"id":359,"date":"2021-03-07T15:52:38","date_gmt":"2021-03-07T12:52:38","guid":{"rendered":"http:\/\/sonbuzulerimeden.boun.edu.tr\/?page_id=359"},"modified":"2021-03-16T13:05:25","modified_gmt":"2021-03-16T10:05:25","slug":"yayimlanmis-uluslararasi-toplanti-ozetleri","status":"publish","type":"page","link":"https:\/\/sonbuzulerimeden.org\/yayimlanmis-uluslararasi-toplanti-ozetleri\/","title":{"rendered":"Yay\u0131mlanm\u0131\u015f Uluslararas\u0131 Toplant\u0131 \u00d6zetleri"},"content":{"rendered":"\n<h4 class=\"wp-block-heading\">2018<\/h4>\n\n\n\n<p>\u201cChanging Environment &#8211; \u00c7evrenin De\u011fi\u015fimi\u201d, M. L. Kurnaz, 2<sup>nd<\/sup> International &#8211; 20<sup>th<\/sup> National Public Health Congress, Antalya Turkey, 13-17 November (2018).<\/p>\n\n\n\n<h4 class=\"wp-block-heading\">2015<\/h4>\n\n\n\n<p>\u201cImpacts of Climate Change on Ski Resorts in the Balkans, the Middle East and the Caucasus: A Preliminary Assessment for Ski Tourism in Northeast Turkey\u201d, O. C. Demiroglu, M. T. Turp, T. Ozturk, M. L. Kurnaz, Proceedings of the 4th International Conference on Climate, Tourism and Recreation (CCTR2015), Istanbul Turkey, 17-19 September (2015).<\/p>\n\n\n\n<h4 class=\"wp-block-heading\">2013<\/h4>\n\n\n\n<p>\u201cImpacts of climate change on winter tourism in Turkey\u201d, Z. P. Ceber, T. Ozturk, and M. L. Kurnaz, Sustainability Issues and Challanges in Tourism, Istanbul, Turkey, 3-5 October (2013).<\/p>\n\n\n\n<p>\u201cImpacts of climate change on summer tourism in Turkey\u201d, B. Gokbulut, T. Ozturk, and M. L. Kurnaz, Sustainability Issues and Challanges in Tourism, Istanbul, Turkey, 3-5 October (2013).<\/p>\n\n\n\n<h4 class=\"wp-block-heading\">2012<\/h4>\n\n\n\n<p>\u201cAnalysis of the effect of climate change on the yield of crops in Turkey using a statistical approach \u201d, H. Altinsoy, C. Kurt and M. L. Kurnaz, 11th International Conference on Meteorology, Climatology and Atmospheric Physics COMECAP 2012, Athens Greece, 29 May \u2013 1 June (2012).<\/p>\n\n\n\n<p>\u201cSimulating the climatology of extreme events for the Central Asia domain using the RegCM 4.0 regional climate model \u201d, H. Altinsoy, T. \u00d6zt\u00fcrk, M. T\u00fcrke\u015f and M. L. Kurnaz, 11th International Conference on Meteorology, Climatology and Atmospheric Physics COMECAP 2012, Athens Greece, 29 May \u2013 1 June (2012).<\/p>\n\n\n\n<p>\u201cThe precipitation and temperature regime over three European sub\u2010regions as a result of climate change \u201d, H. Altinsoy, A. Y\u00fcnc\u00fc and M. L. Kurnaz, 11th International Conference on Meteorology, Climatology and Atmospheric Physics COMECAP 2012, Athens Greece, 29 May \u2013 1 June (2012).<\/p>\n\n\n\n<h4 class=\"wp-block-heading\">2011<\/h4>\n\n\n\n<p>\u201cClimate Change versus &#8216;Security and Peace&#8217; in the Mediterranean Macroclimate Region: Are They Correlated?\u201d M. T\u00fcrke\u015f, M. L. Kurnaz, T. \u00d6zt\u00fcrk, and H. Alt\u0131nsoy, International Human Security Conference Series, Istanbul Turkey, 27-28 October (2011).<\/p>\n\n\n\n<h4 class=\"wp-block-heading\">2006<\/h4>\n\n\n\n<p>\u201cIntegrated Study on Transcriptional Regulators of Neuronal Differentiation and Survival\u201d, \u00d6. Demir, I. Aksan-Kurnaz and M. L. Kurnaz , World Congress on Tissue Engineering and Regenerative Medicine, Pittsburgh, PA, 25 \u2013 27 April (2006).<\/p>\n\n\n\n<h4 class=\"wp-block-heading\">2001<\/h4>\n\n\n\n<p>\u201cComputer Simulation of Differential Kinetics of MAPK Activation Upon EGF Receptor Overexpression\u201d, I. Aksan, M. Sen, K. Araz and L. Kurnaz, 23rd Annual International Conference of the IEEE Engineering in Medicine and Biology Society, 25 &#8211; 28 October, (2001).<\/p>\n\n\n\n<h4 class=\"wp-block-heading\">1997<\/h4>\n\n\n\n<p>\u201cNon-Newtonian interfacial fluid dynamics in liquid crystalline Langmuir monolayer phases\u201d, D. K. Schwartz and M. L. Kurnaz, Abstracts of Papers of the American Chemical Society (SSIE), 214: 277-PHYS Part 2 (1997).<\/p>\n\n\n\n<h4 class=\"wp-block-heading\">1995<\/h4>\n\n\n\n<p>\u201cInteraction of Dilute Colloidal Particles in a Mixed Solvent\u201d, M. L. Kurnaz and J. V. Maher, Mat. Res. Soc. Proc. 407, 71 (1995).<\/p>\n\n\n\n<h4 class=\"wp-block-heading\">1994<\/h4>\n\n\n\n<p>\u201cSedimentation to Form Rough, Quasi-One-Dimensional Interfaces\u201d, M. L. Kurnaz and J. V. Maher, Fractal Aspects of Materials, eds. F. Family, P. Meakin, B. Sapoval and R. Wool, MRS 367, 471, (1994).<\/p>\n\n\n\n<p>\u201cSedimentation of Glass Beads under the Influence of Gravity\u201d, M. L. Kurnaz, K. V. McCloud, and J. V. Maher, Fractals in Natural Sciences, eds. T. Vicsek, M. Schlesinger and M. Matsushita, World Scientific, (1994).<\/p>\n","protected":false},"excerpt":{"rendered":"<p>2018 \u201cChanging Environment &#8211; \u00c7evrenin De\u011fi\u015fimi\u201d, M. L. Kurnaz, 2nd International &#8211; 20th National Public Health Congress, Antalya Turkey, 13-17 November (2018). 2015 \u201cImpacts of Climate Change on Ski Resorts in the Balkans, the Middle East and the Caucasus: A Preliminary Assessment for Ski Tourism in Northeast Turkey\u201d, O. C. Demiroglu, M. T. Turp, T. &hellip; <\/p>\n<p class=\"link-more\"><a href=\"https:\/\/sonbuzulerimeden.org\/yayimlanmis-uluslararasi-toplanti-ozetleri\/\" class=\"more-link\">Continue reading<span class=\"screen-reader-text\"> &#8220;Yay\u0131mlanm\u0131\u015f Uluslararas\u0131 Toplant\u0131 \u00d6zetleri&#8221;<\/span><\/a><\/p>\n","protected":false},"author":1,"featured_media":0,"parent":0,"menu_order":0,"comment_status":"closed","ping_status":"closed","template":"","meta":{"footnotes":""},"class_list":["post-359","page","type-page","status-publish","hentry"],"_links":{"self":[{"href":"https:\/\/sonbuzulerimeden.org\/wp-json\/wp\/v2\/pages\/359"}],"collection":[{"href":"https:\/\/sonbuzulerimeden.org\/wp-json\/wp\/v2\/pages"}],"about":[{"href":"https:\/\/sonbuzulerimeden.org\/wp-json\/wp\/v2\/types\/page"}],"author":[{"embeddable":true,"href":"https:\/\/sonbuzulerimeden.org\/wp-json\/wp\/v2\/users\/1"}],"replies":[{"embeddable":true,"href":"https:\/\/sonbuzulerimeden.org\/wp-json\/wp\/v2\/comments?post=359"}],"version-history":[{"count":3,"href":"https:\/\/sonbuzulerimeden.org\/wp-json\/wp\/v2\/pages\/359\/revisions"}],"predecessor-version":[{"id":409,"href":"https:\/\/sonbuzulerimeden.org\/wp-json\/wp\/v2\/pages\/359\/revisions\/409"}],"wp:attachment":[{"href":"https:\/\/sonbuzulerimeden.org\/wp-json\/wp\/v2\/media?parent=359"}],"curies":[{"name":"wp","href":"https:\/\/api.w.org\/{rel}","templated":true}]}}