{"id":354,"date":"2021-03-07T15:51:48","date_gmt":"2021-03-07T12:51:48","guid":{"rendered":"http:\/\/sonbuzulerimeden.boun.edu.tr\/?page_id=354"},"modified":"2024-09-30T12:18:40","modified_gmt":"2024-09-30T09:18:40","slug":"yayimlanmis-ulusal-toplanti-katilimlari","status":"publish","type":"page","link":"https:\/\/sonbuzulerimeden.org\/yayimlanmis-ulusal-toplanti-katilimlari\/","title":{"rendered":"Yay\u0131mlanm\u0131\u015f Ulusal Toplant\u0131 Kat\u0131l\u0131mlar\u0131"},"content":{"rendered":"\n<h4 class=\"wp-block-heading\">2016<\/h4>\n\n\n\n<p>\u201c\u0130klim De\u011fi\u015fikli\u011finin Ergan Da\u011f\u0131 K\u0131\u015f Sporlar\u0131 Merkezi&#8217;nde Yapay Karlama Kapasitesine Etkisi\u201d, O. C. Demiroglu, M. T. Turp, T. Ozturk, and M. L. Kurnaz, 1. Ulusal Alternatif Turizm Kongresi, Erzincan Turkey, 7-9 April (2016).<\/p>\n\n\n\n<p>\u201c\u0130klim De\u011fi\u015fikli\u011finin A\u00e7\u0131khava M\u00fczeleri \u00dczerine Etkisi\u201d, M. L. Kurnaz, De\u011fi\u015fen M\u00fcze Teknolojileri Konferans, Istanbul Turkey, 20-22 May (2016).<\/p>\n\n\n\n<h4 class=\"wp-block-heading\">2015<\/h4>\n\n\n\n<p>\u201c\u0130klim De\u011fi\u015fikli\u011finin K\u00fclt\u00fcrel Miras \u00dczerindeki Etkisi: Efes Antik Kenti \u00d6rne\u011fi\u201d, D. Yilmaz, T. Ozturk, and M. L. Kurnaz, Ulusal M\u00fczecilik Sempozyumu, Istanbul Turkey, 20-22 May (2015).<\/p>\n\n\n\n<h4 class=\"wp-block-heading\">2013<\/h4>\n\n\n\n<p>\u201c\u0130klim De\u011fi\u015fikli\u011finin K\u0131\u015f Turizmine Etkisi\u201d, Z. Pelin Ceber, Tugba Ozturk, and M. Levent Kurnaz, III. T\u00fcrkiye \u0130klim De\u011fi\u015fikli\u011fi Kongresi, T\u0130KDEK 2013, Istanbul, Turkey, 3-5 June (2013).<\/p>\n\n\n\n<p>\u201c\u0130klim De\u011fi\u015fikli\u011finin A\u00e7\u0131k Hava M\u00fczelerine Etkisi G\u00f6reme A\u00e7\u0131k Hava M\u00fczesi \u00d6rne\u011fi\u201d, Diler Yilmaz, Tugba Ozturk, and M. Levent Kurnaz, III. T\u00fcrkiye \u0130klim De\u011fi\u015fikli\u011fi Kongresi, T\u0130KDEK 2013, Istanbul, Turkey, 3-5 June (2013).<\/p>\n\n\n\n<p>\u201c\u0130klim De\u011fi\u015fikli\u011finin T\u00fcrkiye&#8217;de Yaz Turizmine Etkisi\u201d, Belkis Gokbulut, Tugba Ozturk, and M. Levent Kurnaz, III. T\u00fcrkiye \u0130klim De\u011fi\u015fikli\u011fi Kongresi, T\u0130KDEK 2013, Istanbul, Turkey, 3-5 June (2013).<\/p>\n\n\n\n<h4 class=\"wp-block-heading\">2011<\/h4>\n\n\n\n<p>\u201cK\u00fcresel \u0130klim Modeli Kullan\u0131larak Akdeniz Havzas\u0131&#8217;n\u0131n Gelecek Hava S\u0131cakl\u0131\u011f\u0131 ve Ya\u011f\u0131\u015f De\u011fi\u015fikliklerinin Kestirilmesi\u201d, H. Altinsoy, T. Ozturk, M. Turkes and M. L. Kurnaz, National Geographical Congress with International Participation, Istanbul Turkey, 6-9 September (2011).<\/p>\n","protected":false},"excerpt":{"rendered":"<p>2016 \u201c\u0130klim De\u011fi\u015fikli\u011finin Ergan Da\u011f\u0131 K\u0131\u015f Sporlar\u0131 Merkezi&#8217;nde Yapay Karlama Kapasitesine Etkisi\u201d, O. C. Demiroglu, M. T. Turp, T. Ozturk, and M. L. Kurnaz, 1. Ulusal Alternatif Turizm Kongresi, Erzincan Turkey, 7-9 April (2016). \u201c\u0130klim De\u011fi\u015fikli\u011finin A\u00e7\u0131khava M\u00fczeleri \u00dczerine Etkisi\u201d, M. L. Kurnaz, De\u011fi\u015fen M\u00fcze Teknolojileri Konferans, Istanbul Turkey, 20-22 May (2016). 2015 \u201c\u0130klim De\u011fi\u015fikli\u011finin &hellip; <\/p>\n<p class=\"link-more\"><a href=\"https:\/\/sonbuzulerimeden.org\/yayimlanmis-ulusal-toplanti-katilimlari\/\" class=\"more-link\">Continue reading<span class=\"screen-reader-text\"> &#8220;Yay\u0131mlanm\u0131\u015f Ulusal Toplant\u0131 Kat\u0131l\u0131mlar\u0131&#8221;<\/span><\/a><\/p>\n","protected":false},"author":1,"featured_media":0,"parent":0,"menu_order":0,"comment_status":"closed","ping_status":"closed","template":"","meta":{"footnotes":""},"class_list":["post-354","page","type-page","status-publish","hentry"],"_links":{"self":[{"href":"https:\/\/sonbuzulerimeden.org\/wp-json\/wp\/v2\/pages\/354"}],"collection":[{"href":"https:\/\/sonbuzulerimeden.org\/wp-json\/wp\/v2\/pages"}],"about":[{"href":"https:\/\/sonbuzulerimeden.org\/wp-json\/wp\/v2\/types\/page"}],"author":[{"embeddable":true,"href":"https:\/\/sonbuzulerimeden.org\/wp-json\/wp\/v2\/users\/1"}],"replies":[{"embeddable":true,"href":"https:\/\/sonbuzulerimeden.org\/wp-json\/wp\/v2\/comments?post=354"}],"version-history":[{"count":3,"href":"https:\/\/sonbuzulerimeden.org\/wp-json\/wp\/v2\/pages\/354\/revisions"}],"predecessor-version":[{"id":709,"href":"https:\/\/sonbuzulerimeden.org\/wp-json\/wp\/v2\/pages\/354\/revisions\/709"}],"wp:attachment":[{"href":"https:\/\/sonbuzulerimeden.org\/wp-json\/wp\/v2\/media?parent=354"}],"curies":[{"name":"wp","href":"https:\/\/api.w.org\/{rel}","templated":true}]}}