{"id":346,"date":"2021-03-07T15:49:46","date_gmt":"2021-03-07T12:49:46","guid":{"rendered":"http:\/\/sonbuzulerimeden.boun.edu.tr\/?page_id=346"},"modified":"2024-09-30T11:46:59","modified_gmt":"2024-09-30T08:46:59","slug":"uluslararasi-endeksli-olmayan-dergilerdeki-makaleler","status":"publish","type":"page","link":"https:\/\/sonbuzulerimeden.org\/uluslararasi-endeksli-olmayan-dergilerdeki-makaleler\/","title":{"rendered":"Endeksli Olmayan Dergilerdeki Makaleler"},"content":{"rendered":"\n<h4 class=\"wp-block-heading\">2023<\/h4>\n\n\n\n<p><a href=\"https:\/\/10.32569\/resilience.1312684\">&#8220;\u0130klim De\u011fi\u015fikli\u011fi ve Uyum S\u00fcre\u00e7lerinde T\u00fcrkiye<\/a>\u201d, M. L. Kurnaz, Resilience, 7 (1) , 199-208 (2023). https:\/\/10.32569\/resilience.1312684<\/p>\n\n\n\n<h4 class=\"wp-block-heading\">2022<\/h4>\n\n\n\n<p>&#8220;<a href=\"https:\/\/10.32569\/resilience.963460\">\u0130klim De\u011fi\u015fikli\u011fi Etkilerinin K\u00fcresel Performans G\u00f6stergeleri A\u00e7\u0131s\u0131ndan De\u011ferlendirilmesi<\/a>&#8220;, B. Calda, E. Kutlug, N. An, and L. Kurnaz, Resilience, 39-63, (2022). https:\/\/10.32569\/resilience.963460<\/p>\n\n\n\n<p>\u201c<a href=\"https:\/\/doi.org\/10.16953\/deusosbil.976404\">AB Ye\u015fil Mutabakat\u0131 ve s\u00fcrd\u00fcr\u00fclebilir kalk\u0131nma ama\u00e7lar\u0131 kapsam\u0131nda temel uygulama yakla\u015f\u0131mlar\u0131na k\u00fcresel bak\u0131\u015f<\/a>\u201d, D. N. Karakus, N. An, M. T. Turp, and M. L. Kurnaz, Dokuz Eylul University Journal of the Social Sciences Institute, Vol. 24, No. 1, 47-67 (2022). https:\/\/doi.org\/10.16953\/deusosbil.976404<\/p>\n\n\n\n<p>\u201c<a href=\"https:\/\/doi.org\/10.33689\/spormetre.964457\">Potential Risks of Outdoor Sports in a Changing Climate<\/a>\u201d, U. Gokce, A. Dalboy, N. An, M. T. Turp, and L. Kurnaz, Spormetre, The Journal of Physical Education and Sport Sciences, 20 (1), 145-163 (2022). https:\/\/doi.org\/10.33689\/spormetre.964457<\/p>\n\n\n\n<h4 class=\"wp-block-heading\">2021<\/h4>\n\n\n\n<p>\u201c<a href=\"https:\/\/doi.org\/10.51800\/ecd.932879\">\u0130klim De\u011fi\u015fikli\u011fine Ba\u011fl\u0131 \u00c7evresel Bozulman\u0131n G\u00f6\u00e7 Karar\u0131na Etkisi: Genel Bir Bak\u0131\u015f<\/a>\u201d, N. An, M. T. Turp , and M. L. Kurnaz, Aegean Geographical Journal 30 (2), 383-403, (2021). https:\/\/doi.org\/10.51800\/ecd.932879<\/p>\n\n\n\n<h4 class=\"wp-block-heading\">2020<\/h4>\n\n\n\n<p>\u201c<a href=\"https:\/\/doi.org\/10.7240\/jeps.571001\">\u0130klim De\u011fi\u015fikli\u011finin Akdeniz Havzas\u0131ndaki Orman Yang\u0131nlar\u0131na Etkisi<\/a>\u201d, B. Calda, N. An, M. T. Turp, and M. L. Kurnaz, International Journal of Advances in Engineering and Pure Sciences, 32 (1), 15-32 (2020). https:\/\/doi.org\/10.7240\/jeps.571001<\/p>\n\n\n\n<h4 class=\"wp-block-heading\">2018<\/h4>\n\n\n\n<p>\u201c<a href=\"https:\/\/dergipark.org.tr\/en\/download\/article-file\/580457\" target=\"_blank\" rel=\"noreferrer noopener\">T\u00fcrkiye\u2019nin De\u011fi\u015fen \u0130kliminde Is\u0131tma ve So\u011futma G\u00fcn Derecelerinin Gelecek Projeksiyonlar\u0131<\/a>\u201d, N. An, M. T. Turp, A. Akba\u015f, O. Ozturk, and M. L. Kurnaz, Marmara University International Journal of Advances in Engineering and Pure Sciences, Vol. 3, 227-240 (2018).<\/p>\n\n\n\n<p>\u201c<a href=\"https:\/\/paperity.org\/p\/151415021\/iklim-degisikligi-surecinde-ekonomideki-yeni-kavramlar-ve-yaklasimlar\" target=\"_blank\" rel=\"noreferrer noopener\">\u0130klim De\u011fi\u015fikli\u011fi S\u00fcrecinde Ekonomikdeki Yeni Kavramlar ve Yakla\u015f\u0131mlar<\/a>\u201d, M. Ucal, N. An, and M. L. Kurnaz, Dokuz Eyl\u00fcl University, Journal of the Social Sciences Institute, Vol. 19, No. 3, 373-402 (2018).<\/p>\n\n\n\n<h4 class=\"wp-block-heading\">2015<\/h4>\n\n\n\n<p><a href=\"http:\/\/blackmeditjournal.org\/wp-content\/uploads\/Special_issue_2015.pdf\" target=\"_blank\" rel=\"noreferrer noopener\">\u201cModeling of Near Future Air Temperature and Precipitation Climatology of Turkey and Surrounding Regions\u201d<\/a>, M. T. Turp, T. Ozturk, M. Turkes, and M. L. Kurnaz, Journal of the Black Sea \/ Mediterranean Environment, Vol.21, Special Issue, 89-92 (2015).<\/p>\n\n\n\n<p><a href=\"http:\/\/blackmeditjournal.org\/wp-content\/uploads\/Special_issue_2015.pdf\" target=\"_blank\" rel=\"noreferrer noopener\">\u201cAssessment of Projected Changes in Air Temperature and Precipitation over the Mediterranean Region via Multi-Model Ensemble Mean of CMIP5 Models\u201d<\/a>, M. T. Turp, T. Ozturk, M. Turkes, and M. L. Kurnaz, Journal of the Black Sea \/ Mediterranean Environment, Vol.21, Special Issue, 93-96 (2015).<\/p>\n\n\n\n<h4 class=\"wp-block-heading\">2014<\/h4>\n\n\n\n<p><a href=\"https:\/\/dergipark.org.tr\/tr\/download\/article-file\/56732\" target=\"_blank\" rel=\"noreferrer noopener\">\u201cRegCM4.3.5 b\u00f6lgesel iklim modelini kullanarak T\u00fcrkiye ve \u00e7evresi b\u00f6lgelerin yak\u0131n gelecekteki hava s\u0131cakl\u0131\u011f\u0131 ve ya\u011f\u0131\u015f klimatolojileri i\u00e7in \u00f6ng\u00f6r\u00fclen de\u011fi\u015fikliklerin incelenmesi\u201d<\/a>, M. T. Turp,&nbsp; T. Ozturk, M. Turkes, and M. L. Kurnaz, Aegean Geographical Journal 23 (1), 1-24, (2014).<\/p>\n\n\n\n<h4 class=\"wp-block-heading\">2011<\/h4>\n\n\n\n<p>\u201c<a href=\"https:\/\/dergipark.org.tr\/tr\/download\/article-file\/56751\" target=\"_blank\" rel=\"noreferrer noopener\">RegCM4.3.5 iklim modeli benzetimleri kullan\u0131larak T\u00fcrkiye&#8217;nin gelecek hava s\u0131cakl\u0131\u011f\u0131 ve ya\u011f\u0131\u015f klimatolojilerindeki de\u011fi\u015fikliklerin \u00e7\u00f6z\u00fcmlenmesi<\/a>\u201d, T. Ozturk, M. Turkes, and M. L. Kurnaz, Aegean Geographical Journal 20 (1), 17-27, (2011).<\/p>\n\n\n\n<h4 class=\"wp-block-heading\">2009<\/h4>\n\n\n\n<p><a href=\"http:\/\/www.eudoxuspress.com\/images\/TOC-JAFA-2009-VOL-4.pdf\" target=\"_blank\" rel=\"noreferrer noopener\">\u201cModelling of Multilane Highway Traffic with an Auxiliary Lane\u201d<\/a>, M. L. Kurnaz, A. N. \u0130mrem, and H.T. King, Journal of Applied Functional Analysis 4, 510 (2009).<\/p>\n\n\n\n<p><a href=\"http:\/\/www.eudoxuspress.com\/images\/TOC-JAFA-2009-VOL-4.pdf\" target=\"_blank\" rel=\"noreferrer noopener\">\u201cTwo Dimensional Packing of Granular Rods\u201d<\/a>, S. Sar\u0131kaya, Y. Demira\u011fa\u00e7, and M. L. Kurnaz, Journal of Applied Functional Analysis 4, 642 (2009).<\/p>\n","protected":false},"excerpt":{"rendered":"<p>2023 &#8220;\u0130klim De\u011fi\u015fikli\u011fi ve Uyum S\u00fcre\u00e7lerinde T\u00fcrkiye\u201d, M. L. Kurnaz, Resilience, 7 (1) , 199-208 (2023). https:\/\/10.32569\/resilience.1312684 2022 &#8220;\u0130klim De\u011fi\u015fikli\u011fi Etkilerinin K\u00fcresel Performans G\u00f6stergeleri A\u00e7\u0131s\u0131ndan De\u011ferlendirilmesi&#8220;, B. Calda, E. Kutlug, N. An, and L. Kurnaz, Resilience, 39-63, (2022). https:\/\/10.32569\/resilience.963460 \u201cAB Ye\u015fil Mutabakat\u0131 ve s\u00fcrd\u00fcr\u00fclebilir kalk\u0131nma ama\u00e7lar\u0131 kapsam\u0131nda temel uygulama yakla\u015f\u0131mlar\u0131na k\u00fcresel bak\u0131\u015f\u201d, D. N. Karakus, &hellip; <\/p>\n<p class=\"link-more\"><a href=\"https:\/\/sonbuzulerimeden.org\/uluslararasi-endeksli-olmayan-dergilerdeki-makaleler\/\" class=\"more-link\">Continue reading<span class=\"screen-reader-text\"> &#8220;Endeksli Olmayan Dergilerdeki Makaleler&#8221;<\/span><\/a><\/p>\n","protected":false},"author":1,"featured_media":0,"parent":0,"menu_order":0,"comment_status":"closed","ping_status":"closed","template":"","meta":{"footnotes":""},"class_list":["post-346","page","type-page","status-publish","hentry"],"_links":{"self":[{"href":"https:\/\/sonbuzulerimeden.org\/wp-json\/wp\/v2\/pages\/346"}],"collection":[{"href":"https:\/\/sonbuzulerimeden.org\/wp-json\/wp\/v2\/pages"}],"about":[{"href":"https:\/\/sonbuzulerimeden.org\/wp-json\/wp\/v2\/types\/page"}],"author":[{"embeddable":true,"href":"https:\/\/sonbuzulerimeden.org\/wp-json\/wp\/v2\/users\/1"}],"replies":[{"embeddable":true,"href":"https:\/\/sonbuzulerimeden.org\/wp-json\/wp\/v2\/comments?post=346"}],"version-history":[{"count":5,"href":"https:\/\/sonbuzulerimeden.org\/wp-json\/wp\/v2\/pages\/346\/revisions"}],"predecessor-version":[{"id":702,"href":"https:\/\/sonbuzulerimeden.org\/wp-json\/wp\/v2\/pages\/346\/revisions\/702"}],"wp:attachment":[{"href":"https:\/\/sonbuzulerimeden.org\/wp-json\/wp\/v2\/media?parent=346"}],"curies":[{"name":"wp","href":"https:\/\/api.w.org\/{rel}","templated":true}]}}