{"id":263,"date":"2021-03-06T22:12:41","date_gmt":"2021-03-06T19:12:41","guid":{"rendered":"http:\/\/sonbuzulerimeden.boun.edu.tr\/?page_id=263"},"modified":"2024-09-30T11:38:14","modified_gmt":"2024-09-30T08:38:14","slug":"uluslararasi-endeksli-dergilerdeki-makaleler","status":"publish","type":"page","link":"https:\/\/sonbuzulerimeden.org\/uluslararasi-endeksli-dergilerdeki-makaleler\/","title":{"rendered":"Uluslararas\u0131 Endeksli Dergilerdeki Makaleler"},"content":{"rendered":"\n<h4 class=\"wp-block-heading\">2024<\/h4>\n\n\n\n<p>M. T. Turp, N. An, B. Bilgin, G. \u015eim\u015fir, B. Orgen, and M. L. Kurnaz. &#8220;<a href=\"https:\/\/doi.org\/10.3390\/su16010377\">Projected Summer Tourism Potential of the Black Sea Region<\/a>&#8220;, Sustainability, 16 (1) 1, 377 (2024). https:\/\/doi.org\/10.3390\/su16010377<\/p>\n\n\n\n<p>H. Boyacioglu, M. C. Gunacti, F. Barbaros, A. Gul, G. Onusluel Gul, T. Ozturk, and<br>M. L. Kurnaz, \u201c<a href=\"https:\/\/doi.org\/10.1007\/s10661-024-12402-x\">Impact of climate change and land cover dynamics on nitrate transport to surface waters<\/a>\u201d, Environmental Monitoring and Assessment 196, 270 (2024). https:\/\/doi.org\/10.1007\/s10661-024-12402-x<\/p>\n\n\n\n<p>B. Bilgin, S. Acar, Z. Demiralay, N. An, M. T. Turp, and M. L. Kurnaz<em>. \u201c<\/em><a href=\"https:\/\/doi.org\/10.1007\/s00484-024-02704-7\">A synthetic approach to the Holiday Climate Index for the Mediterranean Coast of T\u00fcrkiye<\/a>\u201d, <em>International<\/em> <em>Journal of<\/em> <em>Biometeorol<\/em>ogy (2024). https:\/\/doi.org\/10.1007\/s00484-024-02704-7<\/p>\n\n\n\n<h4 class=\"wp-block-heading\">2023<\/h4>\n\n\n\n<p>A. Pa\u00e7al, B. Hassler, K. Weigel, M. L. Kurnaz, M. F. Wehner, and V. Eyring, \u201c<a href=\"https:\/\/doi.org\/10.1029\/2023JD038906\">Detecting Extreme Temperature Events Using Gaussian Mixture Models<\/a>\u201d, Journal of Geophysical Research: Atmospheres, 128 (18), e2023JD038906 (2023). https:\/\/doi.org\/10.1029\/2023JD038906<\/p>\n\n\n\n<p>T. Ozturk, E. Canbaz, B. Bilgin, D. Matte, M. L. Kurnaz,  and J. H. Christensen, \u201cT<a href=\"https:\/\/doi.org\/10.3389\/feart.2023.1178461\">he emergence of projected scaled patterns of extreme temperatures over Europe<\/a>\u201d, Front. Earth Sci. 11, 1178461 (2023). https:\/\/doi.org\/10.3389\/feart.2023.1178461<\/p>\n\n\n\n<p>B. Bilgin, E. Bayindir, Z. Demiralay, M. T. Turp, N. An, and M. L. Kurnaz, \u201c<a href=\"https:\/\/doi.org\/10.1007\/s00704-023-04613-y\">Human comfort analysis for Turkey\u2019s coastal tourism in a changing climate<\/a>\u201d, Theoretical and Applied Climatology, 154 (3), 945-958 (2023). https:\/\/doi.org\/10.1007\/s00704-023-04613-y<\/p>\n\n\n\n<h4 class=\"wp-block-heading\">2022<\/h4>\n\n\n\n<p>S. Caglayan, B. Ozorhon, and M. L. Kurnaz, \u201c<a href=\"https:\/\/dergipark.org.tr\/en\/download\/article-file\/2732639\">Nationwide mapping of optimum wall insulation thickness: A stochastic approach<\/a>\u201d, Journal of Thermal Science and Technology 42 (2), 169-202 (2022). https:\/\/dergipark.org.tr\/en\/download\/article-file\/2732639<\/p>\n\n\n\n<p>J. Diez-Sierra, M. Iturbide, J. M. Guti\u00e9rrez, J. Fern\u00e1ndez, J. Milovac, A.S. Cofi\u00f1o, E. Cimadevilla, G. Nikulin, G. Levavasseur, E. Kjellstr\u00f6m, K. B\u00fclow, A. Hor\u00e1nyi, A. Brookshaw, M. Garc\u00eda-D\u00edez, A. P\u00e9rez, J. Ba\u00f1o-Medina, B. Ahrens, A. Alias, M. Ashfaq, M. Bukovsky, E. Buonomo, S. Caluwaerts, S. Chan Chou, O.B., Christensen, J.M. Ciarlo\u00b4, E. Coppola, L. Corre, M. Demory, V. Djurdjevic, J.P. Evans, R. Fealy, H. Feldmann, D. Jacob, S. Jayanarayanan, J. Katzfey, K. Keuler, C. Kittel, M.L. Kurnaz, R. Laprise, P. Lionello, S. McGinnis, P. Mercogliano, P. Nabat, B. \u00d6nol, T. Ozturk, H. Panitz, D. Paquin, I., Pieczka, F. Raffaele, A. Reca Remedio, J. Scinocca, F. Sevault, S. Somot, C. Steger, F. Tangang, C. Teichmann, P. Termonia, M. Thatcher, C. Torma, E. van Meijgaard, R. Vautard, K. Warrach-Sagi, K. Winger, K., and G. Zittis, &#8220;<a href=\"https:\/\/journals.ametsoc.org\/view\/journals\/bams\/aop\/BAMS-D-22-0111.1\/BAMS-D-22-0111.1.xml\">The worldwide C3S CORDEX grand ensemble: A major contribution to assess regional climate change in the IPCC AR6 Atlas<\/a>&#8220;, Bulletin of the American Meteorological Society (2022). https:\/\/journals.ametsoc.org\/view\/journals\/bams\/aop\/BAMS-D-22-0111.1\/BAMS-D-22-0111.1.xml<\/p>\n\n\n\n<p>N. An, M.T. Turp, B. Orgen, B. Bilgin, M.L. Kurnaz, &#8220;<a href=\"https:\/\/doi.org\/10.1007\/s00484-022-02360-9\">Analysis of the impact of climate change on grapevines in Turkey using heat unit accumulation\u2013based indices<\/a>&#8220;, International Journal of Biometeorology, 1-14 (2022). https:\/\/doi.org\/10.1007\/s00484-022-02360-9<\/p>\n\n\n\n<h4 class=\"wp-block-heading\">2021<\/h4>\n\n\n\n<p>J. Spinoni, P. Barbosa, E. Bucchignani, J. Cassano, T. Cavazos, A. Cescatti, \u2026 A. Dosio (2021). <a href=\"https:\/\/rmets.onlinelibrary.wiley.com\/doi\/10.1002\/joc.7302\" target=\"_blank\" rel=\"noreferrer noopener\">&#8220;Global exposure of population and land-use to meteorological droughts under different warming levels and SSPs: A CORDEX-based study&#8221;.<\/a> <em>International Journal of Climatology<\/em>, <em>41<\/em>(15), 6825\u20136853. https:\/\/doi.org\/10.1002\/joc.7302<\/p>\n\n\n\n<p>M. L. Kurnaz, I. Aksan Kurnaz, <a href=\"https:\/\/www.sciencedirect.com\/science\/article\/abs\/pii\/S235255412100111X\" target=\"_blank\" rel=\"noreferrer noopener\">&#8220;Commercialization of medicinal bioeconomy resources and sustainability&#8221;,<\/a> Sustainable Chemistry and Pharmacy 22, 100484 (2021). https:\/\/doi.org\/10.1016\/j.scp.2021.100484<\/p>\n\n\n\n<p>T. Ozturk, F. S. Saygili-Araci and M. L. Kurnaz, <a rel=\"noreferrer noopener\" href=\"https:\/\/www.mdpi.com\/2073-4433\/12\/5\/622\" target=\"_blank\">&#8220;Projected Changes in Extreme Temperature and Precipitation Indices Over CORDEX-MENA Domain&#8221;<\/a>, Atmosphere 12, 622 (2021). doi.org\/10.3390\/atmos12050622<\/p>\n\n\n\n<p>H. Altinsoy and M. L. Kurnaz, <a rel=\"noreferrer noopener\" href=\"https:\/\/link.springer.com\/article\/10.1007\/s00704-021-03622-z\" target=\"_blank\">&#8220;A new methodology for climate model selection and application to temperature of Europe&#8221;<\/a>, Theoretical and Applied Climatology, (2021). doi.org\/10.1007\/s00704-021-03622-z<\/p>\n\n\n\n<p>G. Zittis, P. Hadjinicolaou, M. Almazroui, E. Bucchignani, F. Driouech, K. El Rhaz, M. L. Kurnaz, G. Nikulin, A. Ntoumos, T. Ozturk, Y. Proestos, G. Stenchikov, R. Zaaboul and J. Lelieveld, <a rel=\"noreferrer noopener\" href=\"https:\/\/www.nature.com\/articles\/s41612-021-00178-7\" target=\"_blank\">&#8220;Business-as-usual will lead to super and ultra-extreme heatwaves in the Middle East and North Africa&#8221;<\/a>, npj Climate and Atmospheric Science 4, 20 (2021). doi.org\/10.1038\/s41612-021-00178-7<\/p>\n\n\n\n<p>O. C. Demiroglu, M. T. Turp, M. L. Kurnaz and B. Abegg, <a rel=\"noreferrer noopener\" href=\"https:\/\/link.springer.com\/article\/10.1007\/s00484-020-01991-0\" target=\"_blank\">\u201cThe Ski Climate Index (SCI): fuzzification and a regional climate modeling application for Turkey\u201d<\/a>, International Journal of Biometeorology, (2021). doi: 10.1007\/s00484-020-01991-0<\/p>\n\n\n\n<h4 class=\"wp-block-heading\">2020<\/h4>\n\n\n\n<p>O. C. Demiroglu, F. S. Saygili-Araci, A. Pacal, C. M. Hall and M. L. Kurnaz, <a rel=\"noreferrer noopener\" href=\"https:\/\/www.mdpi.com\/2073-4433\/11\/9\/911\" target=\"_blank\">\u201cFuture Holiday Climate Index (HCI) Performance of Urban and Beach Destinations in the Mediterranean\u201d<\/a>, Atmosphere, 11 (9), 911 (2020). doi: 10.3390\/atmos11090911<\/p>\n\n\n\n<p>N. An, M. T. Turp, M. Turkes and M. L. Kurnaz, <a rel=\"noreferrer noopener\" href=\"https:\/\/www.mdpi.com\/2077-0472\/10\/5\/159\" target=\"_blank\">\u201cMid-Term Impact of Climate Change on Hazelnut Yield\u201d<\/a>, Agriculture, 10, 159 (2020).<\/p>\n\n\n\n<p>J. Spinoni, P. Barbosa, E. Bucchignani, J. Cassano, T. Cavazos, J.H. Christensen, O.B. Christensen, E. Coppola, J. Evans, B. Geyer, F. Giorgi, P. Hadjinicolaou, D. Jacob, J. Katzfey, T. Koenigk, R. Laprise, C.J. Lennard, M. L. Kurnaz, D. Li, M. Llopart, N. McCormick, G. Naumann, G. Nikulin, T. Ozturk, H. Panitz, R. Porfirio da Rocha, B. Rockel, S.A. Solman, J. Syktus, F. Tangang, C. Teichmann, R. Vautard, J.V. Vogt, K. Winger, G. Zittis and A. Dosio, <a rel=\"noreferrer noopener\" href=\"https:\/\/ec.europa.eu\/jrc\/en\/publication\/future-global-meteorological-drought-hotspots-study-based-cordex-data\" target=\"_blank\">\u201cFuture Global Meteorological Drought Hot Spots: A Study Based on CORDEX Data\u201d<\/a>, J. Climate, 33, 3635\u20133661 (2020).<\/p>\n\n\n\n<h4 class=\"wp-block-heading\">2018<\/h4>\n\n\n\n<p>T. Ozturk, M. T. Turp, M. Turkes and M. L. Kurnaz, <a rel=\"noreferrer noopener\" href=\"https:\/\/www.sciencedirect.com\/science\/article\/pii\/S0169809517310384\" target=\"_blank\">\u201cFuture Projections of Temperature and Precipitation Climatology for CORDEX-MENA Domain Using RegCM4.4\u201d<\/a>, Atmospheric Research 206, 87-107 (2018).<\/p>\n\n\n\n<h4 class=\"wp-block-heading\">2017<\/h4>\n\n\n\n<p>T. Ozturk, M. T. Turp, M. Turkes and M. L. Kurnaz, <a rel=\"noreferrer noopener\" href=\"https:\/\/www.sciencedirect.com\/science\/article\/pii\/S0169809516303453\" target=\"_blank\">\u201cProjected Changes in Temperature and Precipitation Climatology of Central Asia CORDEX Region 8 by Using RegCM4.3.5\u201d<\/a>, Atmospheric Research 183, 296-307 (2017).<\/p>\n\n\n\n<h4 class=\"wp-block-heading\">2016<\/h4>\n\n\n\n<p>O. C. Demiro\u011flu, M. T. Turp, T. Ozturk and M. L. Kurnaz, <a rel=\"noreferrer noopener\" href=\"https:\/\/www.mdpi.com\/2073-4433\/7\/4\/52\/htm\" target=\"_blank\">\u201cImpact of Climate Change on Natural Snow Reliability, Snowmaking Capacities, and Wind Conditions of Ski Resorts in Northeast Turkey: A Dynamical Downscaling Approach\u201d<\/a>, Atmosphere 7, UNSP52 (2016).<\/p>\n\n\n\n<p>S. Manukyan, H. M. Sauer, S. Pekkendir and M. L. Kurnaz, <a rel=\"noreferrer noopener\" href=\"https:\/\/link.springer.com\/article\/10.1007\/s10035-016-0653-x\" target=\"_blank\">&#8220;Cylindrical sand pile formation in spinning vertical container partially filled with water&#8221;<\/a>, Granular Matter 18, 43-49 (2016).<\/p>\n\n\n\n<h4 class=\"wp-block-heading\">2015<\/h4>\n\n\n\n<p>T. Ozturk, Z. P. Ceber, M. Turkes and M. L. Kurnaz,<a rel=\"noreferrer noopener\" href=\"https:\/\/rmets.onlinelibrary.wiley.com\/doi\/abs\/10.1002\/joc.4285\" target=\"_blank\"> \u201cProjections of climate change in the Mediterranean Basin by using downscaled global climate model outputs\u201d<\/a>, International Journal of Climatology 35, 4276-4292 (2015). DOI: 10.1002\/joc.4285<\/p>\n\n\n\n<h4 class=\"wp-block-heading\">2012<\/h4>\n\n\n\n<p>T. Ozturk, H. Altinsoy, M. Turkes and M. L. Kurnaz, <a rel=\"noreferrer noopener\" href=\"https:\/\/www.int-res.com\/articles\/cr_oa\/c052p063.pdf\" target=\"_blank\">\u201cSimulation of Temperature and Precipitation Climatology for the Central Asia Cordex Domain by Using RegCM 4.0\u201d<\/a>, Climate Research 52, 63-76 (2012).<\/p>\n\n\n\n<h4 class=\"wp-block-heading\">2010<\/h4>\n\n\n\n<p>M. L. Kurnaz, T. Bilgin and I. Aksan Kurnaz, <a rel=\"noreferrer noopener\" href=\"https:\/\/link.springer.com\/article\/10.1007%2Fs00239-009-9303-9\" target=\"_blank\">\u201cCertain Non-Standard Coding Tables appear to be more robust to error than the Standard Genetic Code\u201d<\/a>, Journal of Molecular Evolution 70, 13-28 (2010).<\/p>\n\n\n\n<h4 class=\"wp-block-heading\">2008<\/h4>\n\n\n\n<p>M. L. Kurnaz, T. Bilgin and I. Aksan Kurnaz, <a rel=\"noreferrer noopener\" href=\"https:\/\/www.ncbi.nlm.nih.gov\/pmc\/articles\/PMC2635705\/\" target=\"_blank\">\u201cA Statistical Analysis of the Robustness of Alternate Genetic Coding Tables\u201d,<\/a> Int. J. Mol. Sci. 9, 679-697 (2008).<\/p>\n\n\n\n<h4 class=\"wp-block-heading\">2006<\/h4>\n\n\n\n<p>U. Cardak, K. V. McCloud and M. L. Kurnaz, <a rel=\"noreferrer noopener\" href=\"https:\/\/link.springer.com\/article\/10.1007\/s10035-005-0222-1\" target=\"_blank\">&#8220;Experimental and computational study of the effect of the system size on rough surfaces formed by sedimenting particles in quasi-two-dimensions&#8221;<\/a>, Granular Matter 8, 81-86 (2006), cond-mat\/0408473.<\/p>\n\n\n\n<h4 class=\"wp-block-heading\">2005<\/h4>\n\n\n\n<p>I. Oney, I. Aksan and M. L. Kurnaz, <a rel=\"noreferrer noopener\" href=\"https:\/\/www.sciencedirect.com\/science\/article\/pii\/S0014579304015352\" target=\"_blank\">&#8220;Cytoplasmic-to-nuclear volume ratio affects AP-1 complex formation as an indicator of cell cycle responsiveness&#8221;<\/a>, FEBS Letters 579, 433-440 (2005).<\/p>\n\n\n\n<p>E. Gultepe and M. L. Kurnaz, <a rel=\"noreferrer noopener\" href=\"https:\/\/www.sciencedirect.com\/science\/article\/pii\/S0378437105003493\" target=\"_blank\">&#8220;Monte Carlo simulation and statistical analysis of genetic information coding&#8221;<\/a>, Physica A, 357, 525-533 (2005), q-bio.GN\/0408017.<\/p>\n\n\n\n<h4 class=\"wp-block-heading\">2004<\/h4>\n\n\n\n<p>M. L. Kurnaz, <a rel=\"noreferrer noopener\" href=\"https:\/\/iopscience.iop.org\/article\/10.1088\/1742-5468\/2004\/07\/P07009\" target=\"_blank\">&#8220;Detrended fluctuation analysis as a statistical tool to monitor the climate&#8221;<\/a>, Journal of Statistical Mechanics, P07009, (2004), cond-mat \/ 0403671.<\/p>\n\n\n\n<p>M. L. Kurnaz, <a rel=\"noreferrer noopener\" href=\"https:\/\/www.worldscientific.com\/doi\/abs\/10.1142\/S0218348X04002665\" target=\"_blank\">&#8220;Application of detrended fluctuation analysis to monthly average of the maximum daily temperatures to resolve different climates&#8221;<\/a>, Fractals 12, 365-373 (2004), cond-mat \/ 0403688.<\/p>\n\n\n\n<h4 class=\"wp-block-heading\">2003<\/h4>\n\n\n\n<p>I. Aksan and M. L. Kurnaz, <a rel=\"noreferrer noopener\" href=\"https:\/\/www.tandfonline.com\/doi\/abs\/10.1081\/rrs-120025203?journalCode=irst20\" target=\"_blank\">&#8220;A Computer-Based Model for the Regulation of Mitogen Activated Protein Kinase (MAPK) Activation&#8221;<\/a>, J. Receptors and Signal Transduction 23, 197-209 (2003).<\/p>\n\n\n\n<h4 class=\"wp-block-heading\">2002<\/h4>\n\n\n\n<p>E. Inonu and L. Kurnaz, <a rel=\"noreferrer noopener\" href=\"https:\/\/link.springer.com\/article\/10.1023\/A:1020470914740\" target=\"_blank\">&#8220;Observations on the growth characteristics of the research output of Turkish physicists based on a selective citation analysis&#8221;<\/a>, Scientometrics 55, 437 (2002).<\/p>\n\n\n\n<p>K. V. McCloud and M. L. Kurnaz, <a rel=\"noreferrer noopener\" href=\"https:\/\/worldscientific.com\/doi\/10.1142\/S021797920201004X\" target=\"_blank\">\u201cThe effect of the third dimension on rough surfaces formed by sedimenting particles in quasi-two-dimensions\u201d, <\/a>Int. J. Mod. Phys. B 16, 1217-1223 (2002).<\/p>\n\n\n\n<h4 class=\"wp-block-heading\">1999<\/h4>\n\n\n\n<p>A. Ivanova, M. L. Kurnaz and D. K. Schwartz, <a rel=\"noreferrer noopener\" href=\"https:\/\/pubs.acs.org\/doi\/10.1021\/la981742x\" target=\"_blank\">\u201cTemperature and Flow Rate Dependence of the Velocity Profile during Channel Flow of a Langmuir Monolayer\u201d<\/a>, Langmuir 15, 4622-4624 (1999).<\/p>\n\n\n\n<h4 class=\"wp-block-heading\">1998<\/h4>\n\n\n\n<p>D. Gidalevitz, O.Y. Mindyuk, M.R. Stetzer, P.A. Heiney, M.L. Kurnaz, D.K. Schwartz, B.M. Ocko , J.P. McCauley, Jr., and A.B. Smith, III \u201c<a rel=\"noreferrer noopener\" href=\"https:\/\/pubs.acs.org\/doi\/10.1021\/jp982412o\" target=\"_blank\">A Conformational Phase Transition in a Langmuir Film of an Amphiphilic Azacrown<\/a>\u201d, J. Phys. Chem. B 102, 6688-6691 (1998).<\/p>\n\n\n\n<p>D. Gidalevitz, M.L. Kurnaz, O.Y. Mindyuk, B.M. Ocko, D.K. Schwartz and P.A. Heiney, \u201c<a rel=\"noreferrer noopener\" href=\"https:\/\/pubs.acs.org\/doi\/abs\/10.1021\/la971287p\" target=\"_blank\">Thermal Melting in Langmuir Films of Discotic Liquid-Crystalline Compounds<\/a>\u201d, Langmuir 14, 2910-2915 (1998).<\/p>\n\n\n\n<h4 class=\"wp-block-heading\">1997<\/h4>\n\n\n\n<p>K. V. McCloud, M. L. Kurnaz and J. V. Maher, <a href=\"https:\/\/journals.aps.org\/pre\/abstract\/10.1103\/PhysRevE.56.5768\" target=\"_blank\" rel=\"noreferrer noopener\">\u201cDeposition Rate Effects in Quasi-2-Dimensional Sedimentation\u201d<\/a>, Phys. Rev. E 56, 5768-5771 (1997).<\/p>\n\n\n\n<p>M. L. Kurnaz and D. K. Schwartz, \u201c<a rel=\"noreferrer noopener\" href=\"https:\/\/sor.scitation.org\/doi\/10.1122\/1.550814\" target=\"_blank\">A Technique for Direct Observation of Particle Motion under Shear in a Langmuir Monolayer<\/a>\u201d, Journal of Rheology 41, 1173-1181 (1997).<\/p>\n\n\n\n<p>M. L. Kurnaz and D. K. Schwartz, <a rel=\"noreferrer noopener\" href=\"https:\/\/journals.aps.org\/pre\/abstract\/10.1103\/PhysRevE.56.3378\" target=\"_blank\">\u201cChannel&nbsp; flow in a Langmuir monolayer: Unusual velocity profiles in a liquid-crystalline mesophase\u201d<\/a>, Phys. Rev. E. 56, 3378-3384 (1997).<\/p>\n\n\n\n<p>M. L. Kurnaz and J. V. Maher, <a rel=\"noreferrer noopener\" href=\"https:\/\/journals.aps.org\/pre\/abstract\/10.1103\/PhysRevE.55.572\" target=\"_blank\">\u201cMeasurement of the Second Virial Coefficient for the Interaction of Dilute Colloidal Particles in a Mixed Solvent\u201d<\/a>, Phys. Rev. E 55, 572-576 (1997).<\/p>\n\n\n\n<h4 class=\"wp-block-heading\">1996<\/h4>\n\n\n\n<p>M. L. Kurnaz and D. K. Schwartz, <a href=\"https:\/\/pubs.acs.org\/doi\/full\/10.1021\/la960214n\" target=\"_blank\" rel=\"noreferrer noopener\">\u201cSkeletonization as a Probe of Interlayer Correlations in Langmuir Blodgett Films\u201d<\/a>, Langmuir 12, 4971-4975 (1996).<\/p>\n\n\n\n<p>M. L. Kurnaz and D. K. Schwartz, <a href=\"https:\/\/pubs.acs.org\/doi\/abs\/10.1021\/jp960665g\" target=\"_blank\" rel=\"noreferrer noopener\">\u201cMorphology of Micro-phase Separation in Arachidic Acid \/ Cadmium Arachadate Langmuir Boldgett Multilayers\u201d<\/a>, J. Phys. Chem. 100, 11113-11119 (1996).<\/p>\n\n\n\n<p>M. L. Kurnaz and J. V. Maher, <a href=\"https:\/\/journals.aps.org\/pre\/abstract\/10.1103\/PhysRevE.53.978\" target=\"_blank\" rel=\"noreferrer noopener\">\u201cSedimentation to form rough, quasi-one-dimensional interfaces\u201d<\/a>, Phys. Rev. E 53, 978-985 (1996).<\/p>\n\n\n\n<h4 class=\"wp-block-heading\">1995<\/h4>\n\n\n\n<p>M. L. Kurnaz and J. V. Maher, \u201c<a href=\"https:\/\/doi.org\/10.1103\/PhysRevE.51.5916\">Interaction of colloidal particles in a mixed solvent<\/a>\u201d, Phys. Rev. E 51, 5916-5921 (1995).<\/p>\n\n\n\n<h4 class=\"wp-block-heading\">1993<\/h4>\n\n\n\n<p>M. L. Kurnaz, K. V. McCloud and J. V. Maher, \u201c<a href=\"https:\/\/doi.org\/10.1142\/S0218348X93001106\">Sedimentation of glass beads under the influence of <\/a>gravity&#8221;,  Fractals 1, 1008-1021 (1993).<\/p>\n\n\n\n<h4 class=\"wp-block-heading\">1992<\/h4>\n\n\n\n<p>P. D. Gallagher, M. L. Kurnaz and J. V. Maher, <a href=\"https:\/\/journals.aps.org\/pra\/abstract\/10.1103\/PhysRevA.46.7750\" target=\"_blank\" rel=\"noreferrer noopener\">\u201cAggregation in polystyrene-sphere suspensions in near-critical binary liquid <\/a>mixtures&#8221;,  Phys. Rev. A 46, 7750-7755 (1992).<\/p>\n\n\n\n<p><\/p>\n","protected":false},"excerpt":{"rendered":"<p>2024 M. T. Turp, N. An, B. Bilgin, G. \u015eim\u015fir, B. Orgen, and M. L. Kurnaz. &#8220;Projected Summer Tourism Potential of the Black Sea Region&#8220;, Sustainability, 16 (1) 1, 377 (2024). https:\/\/doi.org\/10.3390\/su16010377 H. Boyacioglu, M. C. Gunacti, F. Barbaros, A. Gul, G. Onusluel Gul, T. Ozturk, andM. L. Kurnaz, \u201cImpact of climate change and land &hellip; <\/p>\n<p class=\"link-more\"><a href=\"https:\/\/sonbuzulerimeden.org\/uluslararasi-endeksli-dergilerdeki-makaleler\/\" class=\"more-link\">Continue reading<span class=\"screen-reader-text\"> &#8220;Uluslararas\u0131 Endeksli Dergilerdeki Makaleler&#8221;<\/span><\/a><\/p>\n","protected":false},"author":1,"featured_media":0,"parent":0,"menu_order":0,"comment_status":"closed","ping_status":"closed","template":"","meta":{"footnotes":""},"class_list":["post-263","page","type-page","status-publish","hentry"],"_links":{"self":[{"href":"https:\/\/sonbuzulerimeden.org\/wp-json\/wp\/v2\/pages\/263"}],"collection":[{"href":"https:\/\/sonbuzulerimeden.org\/wp-json\/wp\/v2\/pages"}],"about":[{"href":"https:\/\/sonbuzulerimeden.org\/wp-json\/wp\/v2\/types\/page"}],"author":[{"embeddable":true,"href":"https:\/\/sonbuzulerimeden.org\/wp-json\/wp\/v2\/users\/1"}],"replies":[{"embeddable":true,"href":"https:\/\/sonbuzulerimeden.org\/wp-json\/wp\/v2\/comments?post=263"}],"version-history":[{"count":23,"href":"https:\/\/sonbuzulerimeden.org\/wp-json\/wp\/v2\/pages\/263\/revisions"}],"predecessor-version":[{"id":699,"href":"https:\/\/sonbuzulerimeden.org\/wp-json\/wp\/v2\/pages\/263\/revisions\/699"}],"wp:attachment":[{"href":"https:\/\/sonbuzulerimeden.org\/wp-json\/wp\/v2\/media?parent=263"}],"curies":[{"name":"wp","href":"https:\/\/api.w.org\/{rel}","templated":true}]}}