{"id":233,"date":"2021-03-03T22:35:26","date_gmt":"2021-03-03T19:35:26","guid":{"rendered":"http:\/\/sonbuzulerimeden.boun.edu.tr\/?page_id=233"},"modified":"2024-09-30T14:38:16","modified_gmt":"2024-09-30T11:38:16","slug":"iklim-degisikligi-nedir-video-serisi","status":"publish","type":"page","link":"https:\/\/sonbuzulerimeden.org\/iklim-degisikligi-nedir-video-serisi\/","title":{"rendered":"\u0130klim De\u011fi\u015fikli\u011fi Nedir Video Serisi"},"content":{"rendered":"\n<div class=\"wp-block-media-text alignwide is-stacked-on-mobile\"><figure class=\"wp-block-media-text__media\"><a href=\"https:\/\/vimeo.com\/121461448\" target=\"_blank\" rel=\"noopener\"><img loading=\"lazy\" decoding=\"async\" width=\"307\" height=\"172\" src=\"https:\/\/sonbuzulerimeden.org\/wp-content\/uploads\/2024\/09\/1-2.png\" alt=\"\" class=\"wp-image-766 size-full\" srcset=\"https:\/\/sonbuzulerimeden.org\/wp-content\/uploads\/2024\/09\/1-2.png 307w, https:\/\/sonbuzulerimeden.org\/wp-content\/uploads\/2024\/09\/1-2-300x168.png 300w\" sizes=\"(max-width: 307px) 100vw, 307px\" \/><\/a><\/figure><div class=\"wp-block-media-text__content\">\n<h2 class=\"wp-block-heading\"><em><a href=\"https:\/\/vimeo.com\/121461448\" target=\"_blank\" rel=\"noreferrer noopener\">Hava Durumu Nedir?<\/a><\/em><\/h2>\n<\/div><\/div>\n\n\n\n<hr class=\"wp-block-separator has-css-opacity is-style-wide\"\/>\n\n\n\n<div class=\"wp-block-media-text alignwide is-stacked-on-mobile\"><figure class=\"wp-block-media-text__media\"><a href=\"https:\/\/vimeo.com\/121473585\" target=\"_blank\" rel=\"noopener\"><img loading=\"lazy\" decoding=\"async\" width=\"306\" height=\"172\" src=\"https:\/\/sonbuzulerimeden.org\/wp-content\/uploads\/2024\/09\/ne-demek.png\" alt=\"\" class=\"wp-image-767 size-full\" srcset=\"https:\/\/sonbuzulerimeden.org\/wp-content\/uploads\/2024\/09\/ne-demek.png 306w, https:\/\/sonbuzulerimeden.org\/wp-content\/uploads\/2024\/09\/ne-demek-300x169.png 300w\" sizes=\"(max-width: 306px) 100vw, 306px\" \/><\/a><\/figure><div class=\"wp-block-media-text__content\">\n<h2 class=\"wp-block-heading\"><em><a href=\"https:\/\/vimeo.com\/121473585\" target=\"_blank\" rel=\"noreferrer noopener\">\u0130klim De\u011fi\u015fikli\u011fi Ne Demek?<\/a><\/em><\/h2>\n<\/div><\/div>\n\n\n\n<hr class=\"wp-block-separator has-css-opacity is-style-wide\"\/>\n\n\n\n<div class=\"wp-block-media-text alignwide is-stacked-on-mobile\"><figure class=\"wp-block-media-text__media\"><a href=\"https:\/\/vimeo.com\/122154666\" target=\"_blank\" rel=\"noopener\"><img loading=\"lazy\" decoding=\"async\" width=\"306\" height=\"172\" src=\"https:\/\/sonbuzulerimeden.org\/wp-content\/uploads\/2024\/09\/seraetkisi.png\" alt=\"\" class=\"wp-image-768 size-full\" srcset=\"https:\/\/sonbuzulerimeden.org\/wp-content\/uploads\/2024\/09\/seraetkisi.png 306w, https:\/\/sonbuzulerimeden.org\/wp-content\/uploads\/2024\/09\/seraetkisi-300x169.png 300w\" sizes=\"(max-width: 306px) 100vw, 306px\" \/><\/a><\/figure><div class=\"wp-block-media-text__content\">\n<h2 class=\"wp-block-heading\"><em><a href=\"https:\/\/vimeo.com\/122154666\" target=\"_blank\" rel=\"noreferrer noopener\">Sera Etkisi Nedir?<\/a><\/em><\/h2>\n<\/div><\/div>\n\n\n\n<hr class=\"wp-block-separator has-css-opacity is-style-wide\"\/>\n\n\n\n<div class=\"wp-block-media-text alignwide is-stacked-on-mobile\"><figure class=\"wp-block-media-text__media\"><a href=\"https:\/\/vimeo.com\/122159185\" target=\"_blank\" rel=\"noopener\"><img loading=\"lazy\" decoding=\"async\" width=\"305\" height=\"172\" src=\"https:\/\/sonbuzulerimeden.org\/wp-content\/uploads\/2024\/09\/iklimdegis-1.png\" alt=\"\" class=\"wp-image-769 size-full\" srcset=\"https:\/\/sonbuzulerimeden.org\/wp-content\/uploads\/2024\/09\/iklimdegis-1.png 305w, https:\/\/sonbuzulerimeden.org\/wp-content\/uploads\/2024\/09\/iklimdegis-1-300x169.png 300w\" sizes=\"(max-width: 305px) 100vw, 305px\" \/><\/a><\/figure><div class=\"wp-block-media-text__content\">\n<h2 class=\"wp-block-heading\"><em><a href=\"https:\/\/vimeo.com\/122159185\" target=\"_blank\" rel=\"noreferrer noopener\">\u0130klim De\u011fi\u015fikli\u011finin Etkileri Nelerdir?<\/a><\/em><\/h2>\n<\/div><\/div>\n\n\n\n<hr class=\"wp-block-separator has-css-opacity is-style-wide\"\/>\n\n\n\n<div class=\"wp-block-media-text alignwide is-stacked-on-mobile\"><figure class=\"wp-block-media-text__media\"><a href=\"https:\/\/vimeo.com\/122160999\" target=\"_blank\" rel=\"noopener\"><img loading=\"lazy\" decoding=\"async\" width=\"305\" height=\"174\" src=\"https:\/\/sonbuzulerimeden.org\/wp-content\/uploads\/2024\/09\/ongormek.png\" alt=\"\" class=\"wp-image-771 size-full\" srcset=\"https:\/\/sonbuzulerimeden.org\/wp-content\/uploads\/2024\/09\/ongormek.png 305w, https:\/\/sonbuzulerimeden.org\/wp-content\/uploads\/2024\/09\/ongormek-300x171.png 300w\" sizes=\"(max-width: 305px) 100vw, 305px\" \/><\/a><\/figure><div class=\"wp-block-media-text__content\">\n<h2 class=\"wp-block-heading\"><em><a href=\"https:\/\/vimeo.com\/122160999\" target=\"_blank\" rel=\"noreferrer noopener\">\u0130klimin nas\u0131l de\u011fi\u015fece\u011fi \u00f6nceden tahmin edilebilir mi?<\/a><\/em><\/h2>\n<\/div><\/div>\n\n\n\n<hr class=\"wp-block-separator has-css-opacity is-style-wide\"\/>\n\n\n\n<div class=\"wp-block-media-text alignwide is-stacked-on-mobile\"><figure class=\"wp-block-media-text__media\"><a href=\"https:\/\/vimeo.com\/122162578\" target=\"_blank\" rel=\"noopener\"><img loading=\"lazy\" decoding=\"async\" width=\"305\" height=\"172\" src=\"https:\/\/sonbuzulerimeden.org\/wp-content\/uploads\/2024\/09\/TR.png\" alt=\"\" class=\"wp-image-772 size-full\" srcset=\"https:\/\/sonbuzulerimeden.org\/wp-content\/uploads\/2024\/09\/TR.png 305w, https:\/\/sonbuzulerimeden.org\/wp-content\/uploads\/2024\/09\/TR-300x169.png 300w\" sizes=\"(max-width: 305px) 100vw, 305px\" \/><\/a><\/figure><div class=\"wp-block-media-text__content\">\n<h2 class=\"wp-block-heading\"><em><a href=\"https:\/\/vimeo.com\/122162578\" target=\"_blank\" rel=\"noreferrer noopener\">T\u00fcrkiye\u2019de iklim de\u011fi\u015fiyor mu?<\/a><\/em><\/h2>\n<\/div><\/div>\n\n\n\n<hr class=\"wp-block-separator has-css-opacity is-style-wide\"\/>\n\n\n\n<div class=\"wp-block-media-text alignwide is-stacked-on-mobile\"><figure class=\"wp-block-media-text__media\"><a href=\"https:\/\/vimeo.com\/122163228\" target=\"_blank\" rel=\"noopener\"><img loading=\"lazy\" decoding=\"async\" width=\"306\" height=\"174\" src=\"https:\/\/sonbuzulerimeden.org\/wp-content\/uploads\/2024\/09\/cop19.png\" alt=\"\" class=\"wp-image-773 size-full\" srcset=\"https:\/\/sonbuzulerimeden.org\/wp-content\/uploads\/2024\/09\/cop19.png 306w, https:\/\/sonbuzulerimeden.org\/wp-content\/uploads\/2024\/09\/cop19-300x171.png 300w\" sizes=\"(max-width: 306px) 100vw, 306px\" \/><\/a><\/figure><div class=\"wp-block-media-text__content\">\n<h2 class=\"wp-block-heading\"><em><a href=\"https:\/\/vimeo.com\/122163228\" target=\"_blank\" rel=\"noreferrer noopener\">Neden iklim de\u011fi\u015fikli\u011fi k\u00fcresel bir problem?<\/a><\/em><\/h2>\n<\/div><\/div>\n\n\n\n<hr class=\"wp-block-separator has-css-opacity is-style-wide\"\/>\n\n\n\n<div class=\"wp-block-media-text alignwide is-stacked-on-mobile\"><figure class=\"wp-block-media-text__media\"><a href=\"https:\/\/vimeo.com\/122158774\" target=\"_blank\" rel=\"noopener\"><img loading=\"lazy\" decoding=\"async\" width=\"306\" height=\"171\" src=\"https:\/\/sonbuzulerimeden.org\/wp-content\/uploads\/2024\/09\/bisiklet.png\" alt=\"\" class=\"wp-image-774 size-full\" srcset=\"https:\/\/sonbuzulerimeden.org\/wp-content\/uploads\/2024\/09\/bisiklet.png 306w, https:\/\/sonbuzulerimeden.org\/wp-content\/uploads\/2024\/09\/bisiklet-300x168.png 300w\" sizes=\"(max-width: 306px) 100vw, 306px\" \/><\/a><\/figure><div class=\"wp-block-media-text__content\">\n<h2 class=\"wp-block-heading\"><em><a href=\"https:\/\/vimeo.com\/122158774\" target=\"_blank\" rel=\"noreferrer noopener\">\u0130klim de\u011fi\u015fikli\u011fi hepimizin ya\u015fam tarz\u0131ndan kaynaklan\u0131yor<\/a><\/em><\/h2>\n<\/div><\/div>\n\n\n\n<hr class=\"wp-block-separator has-css-opacity is-style-wide\"\/>\n","protected":false},"excerpt":{"rendered":"<p>Hava Durumu Nedir? \u0130klim De\u011fi\u015fikli\u011fi Ne Demek? Sera Etkisi Nedir? \u0130klim De\u011fi\u015fikli\u011finin Etkileri Nelerdir? \u0130klimin nas\u0131l de\u011fi\u015fece\u011fi \u00f6nceden tahmin edilebilir mi? T\u00fcrkiye\u2019de iklim de\u011fi\u015fiyor mu? Neden iklim de\u011fi\u015fikli\u011fi k\u00fcresel bir problem? \u0130klim de\u011fi\u015fikli\u011fi hepimizin ya\u015fam tarz\u0131ndan kaynaklan\u0131yor<\/p>\n","protected":false},"author":1,"featured_media":0,"parent":0,"menu_order":0,"comment_status":"closed","ping_status":"closed","template":"","meta":{"footnotes":""},"class_list":["post-233","page","type-page","status-publish","hentry"],"_links":{"self":[{"href":"https:\/\/sonbuzulerimeden.org\/wp-json\/wp\/v2\/pages\/233"}],"collection":[{"href":"https:\/\/sonbuzulerimeden.org\/wp-json\/wp\/v2\/pages"}],"about":[{"href":"https:\/\/sonbuzulerimeden.org\/wp-json\/wp\/v2\/types\/page"}],"author":[{"embeddable":true,"href":"https:\/\/sonbuzulerimeden.org\/wp-json\/wp\/v2\/users\/1"}],"replies":[{"embeddable":true,"href":"https:\/\/sonbuzulerimeden.org\/wp-json\/wp\/v2\/comments?post=233"}],"version-history":[{"count":4,"href":"https:\/\/sonbuzulerimeden.org\/wp-json\/wp\/v2\/pages\/233\/revisions"}],"predecessor-version":[{"id":775,"href":"https:\/\/sonbuzulerimeden.org\/wp-json\/wp\/v2\/pages\/233\/revisions\/775"}],"wp:attachment":[{"href":"https:\/\/sonbuzulerimeden.org\/wp-json\/wp\/v2\/media?parent=233"}],"curies":[{"name":"wp","href":"https:\/\/api.w.org\/{rel}","templated":true}]}}