{"id":216,"date":"2021-03-02T11:45:54","date_gmt":"2021-03-02T08:45:54","guid":{"rendered":"http:\/\/sonbuzulerimeden.boun.edu.tr\/?page_id=216"},"modified":"2024-09-30T13:11:53","modified_gmt":"2024-09-30T10:11:53","slug":"raporlar","status":"publish","type":"page","link":"https:\/\/sonbuzulerimeden.org\/raporlar\/","title":{"rendered":"Raporlar"},"content":{"rendered":"\n<figure class=\"wp-block-image size-full is-resized\"><img loading=\"lazy\" decoding=\"async\" width=\"608\" height=\"917\" src=\"https:\/\/sonbuzulerimeden.org\/wp-content\/uploads\/2024\/09\/Screenshot-from-2024-09-30-12-57-51.png\" alt=\"\" class=\"wp-image-712\" style=\"width:399px;height:495px\" srcset=\"https:\/\/sonbuzulerimeden.org\/wp-content\/uploads\/2024\/09\/Screenshot-from-2024-09-30-12-57-51.png 608w, https:\/\/sonbuzulerimeden.org\/wp-content\/uploads\/2024\/09\/Screenshot-from-2024-09-30-12-57-51-199x300.png 199w\" sizes=\"(max-width: 608px) 100vw, 608px\" \/><\/figure>\n\n\n\n<p>\u201c<a href=\"https:\/\/www.tarimis.org.tr\/i\/ikkitap.pdf\">\u0130klim De\u011fi\u015fikli\u011fi ve Tar\u0131m D\u00fcnyas\u0131n\u0131n Gelece\u011fi<\/a>\u201d, N. An, M. T. Turp, M. L. Kurnaz ve M. T\u00fcrke\u015f, Tar\u0131m-\u0130\u015f Sendikas\u0131 (2023).<\/p>\n\n\n\n<hr class=\"wp-block-separator has-css-opacity is-style-wide\"\/>\n\n\n\n<figure class=\"wp-block-image size-full is-resized\"><img loading=\"lazy\" decoding=\"async\" width=\"595\" height=\"842\" src=\"https:\/\/sonbuzulerimeden.org\/wp-content\/uploads\/2024\/09\/komurraporu.png\" alt=\"\" class=\"wp-image-714\" style=\"width:399px;height:495px\" srcset=\"https:\/\/sonbuzulerimeden.org\/wp-content\/uploads\/2024\/09\/komurraporu.png 595w, https:\/\/sonbuzulerimeden.org\/wp-content\/uploads\/2024\/09\/komurraporu-212x300.png 212w\" sizes=\"(max-width: 595px) 100vw, 595px\" \/><\/figure>\n\n\n\n<p><a rel=\"noreferrer noopener\" href=\"https:\/\/ipc.sabanciuniv.edu\/Content\/Images\/Document\/komur-raporu-iklim-degisikligi-ekonomi-ve-saglik-acisindan-turkiyenin-komur-politikalari-2b7193\/komur-raporu-iklim-degisikligi-ekonomi-ve-saglik-acisindan-turkiyenin-komur-politikalari-2b7193.pdf\" target=\"_blank\">\u201cK\u00f6m\u00fcr Raporu: \u0130klim De\u011fi\u015fikli\u011fi, Ekonomi ve Sa\u011fl\u0131k A\u00e7\u0131s\u0131ndan T\u00fcrkiye\u2019nin K\u00f6m\u00fcr Politikalar\u0131\u201d,<\/a> \u00dc. \u015eahin, A. A. A\u015f\u0131c\u0131, S. Acar, P. Gedikkaya Bal, A. O. Karababa, ve M. L. Kurnaz, \u0130stanbul Politikalar Merkezi (2015). ISBN: 978-605-9178-17-4.<\/p>\n\n\n\n<hr class=\"wp-block-separator has-css-opacity is-style-wide\"\/>\n\n\n\n<figure class=\"wp-block-image size-full is-resized\"><img loading=\"lazy\" decoding=\"async\" width=\"413\" height=\"551\" src=\"https:\/\/sonbuzulerimeden.org\/wp-content\/uploads\/2024\/09\/sukrizi.png\" alt=\"\" class=\"wp-image-716\" style=\"width:408px;height:588px\" srcset=\"https:\/\/sonbuzulerimeden.org\/wp-content\/uploads\/2024\/09\/sukrizi.png 413w, https:\/\/sonbuzulerimeden.org\/wp-content\/uploads\/2024\/09\/sukrizi-225x300.png 225w\" sizes=\"(max-width: 413px) 100vw, 413px\" \/><\/figure>\n\n\n\n<p><a rel=\"noreferrer noopener\" href=\"https:\/\/www.suhakki.org\/wp-content\/uploads\/2015\/03\/istanbuldasukrizi-arastirma.pdf\" target=\"_blank\">\u201c\u0130stanbul\u2019un Su Krizi ve Kolektif \u00c7\u00f6z\u00fcm \u00d6nerileri\u201d<\/a>, A. \u0130lhan, D. Y\u0131ld\u0131z, F. Z. Toka\u00e7, M. L. Kurnaz, ve M. T\u00fcrkes, Sosyal Degisim Dernegi (2015). ISBN: 978-605-62639-4-1.<\/p>\n\n\n\n<hr class=\"wp-block-separator has-css-opacity is-style-wide\"\/>\n\n\n\n<figure class=\"wp-block-image size-full is-resized\"><img loading=\"lazy\" decoding=\"async\" width=\"405\" height=\"508\" src=\"https:\/\/sonbuzulerimeden.org\/wp-content\/uploads\/2024\/09\/iklimdegisikligivekuraklik.png\" alt=\"\" class=\"wp-image-717\" style=\"width:407px;height:506px\" srcset=\"https:\/\/sonbuzulerimeden.org\/wp-content\/uploads\/2024\/09\/iklimdegisikligivekuraklik.png 405w, https:\/\/sonbuzulerimeden.org\/wp-content\/uploads\/2024\/09\/iklimdegisikligivekuraklik-239x300.png 239w\" sizes=\"(max-width: 405px) 100vw, 405px\" \/><\/figure>\n\n\n\n<p><a rel=\"noreferrer noopener\" href=\"https:\/\/ipc.sabanciuniv.edu\/Content\/Images\/CKeditorImages\/20200326-02030608.pdf\" target=\"_blank\">\u201c\u0130klim De\u011fi\u015fikli\u011fi ve Kurakl\u0131k\u201d, <\/a>\u00dc. \u015eahin ve M. L. Kurnaz, \u0130stanbul Politikalar Merkezi (2014). ISBN: 978-605-4348-89-3<\/p>\n\n\n\n<hr class=\"wp-block-separator has-css-opacity is-style-wide\"\/>\n\n\n\n<figure class=\"wp-block-image size-full is-resized\"><img loading=\"lazy\" decoding=\"async\" width=\"375\" height=\"480\" src=\"https:\/\/sonbuzulerimeden.org\/wp-content\/uploads\/2024\/09\/kuraklikveturkiye.png\" alt=\"\" class=\"wp-image-718\" style=\"width:424px;height:589px\" srcset=\"https:\/\/sonbuzulerimeden.org\/wp-content\/uploads\/2024\/09\/kuraklikveturkiye.png 375w, https:\/\/sonbuzulerimeden.org\/wp-content\/uploads\/2024\/09\/kuraklikveturkiye-234x300.png 234w\" sizes=\"(max-width: 375px) 100vw, 375px\" \/><\/figure>\n\n\n\n<p><a rel=\"noreferrer noopener\" href=\"https:\/\/ipc.sabanciuniv.edu\/Content\/Images\/CKeditorImages\/20200323-16034498.pdf\" target=\"_blank\">\u201cKurakl\u0131k ve T\u00fcrkiye\u201d, <\/a>M. L. Kurnaz, \u0130stanbul Politikalar Merkezi (2014). ISBN: 978-605-4348-74-9<\/p>\n\n\n\n<hr class=\"wp-block-separator has-css-opacity is-style-wide\"\/>\n\n\n\n<figure class=\"wp-block-image size-full is-resized\"><img loading=\"lazy\" decoding=\"async\" width=\"410\" height=\"515\" src=\"https:\/\/sonbuzulerimeden.org\/wp-content\/uploads\/2024\/09\/IPCC2013.png\" alt=\"\" class=\"wp-image-719\" style=\"width:411px;height:515px\" srcset=\"https:\/\/sonbuzulerimeden.org\/wp-content\/uploads\/2024\/09\/IPCC2013.png 410w, https:\/\/sonbuzulerimeden.org\/wp-content\/uploads\/2024\/09\/IPCC2013-239x300.png 239w\" sizes=\"(max-width: 410px) 100vw, 410px\" \/><\/figure>\n\n\n\n<p><a rel=\"noreferrer noopener\" href=\"https:\/\/ipc.sabanciuniv.edu\/Content\/Images\/CKeditorImages\/20200327-02032703.pdf\" target=\"_blank\">\u201c\u0130klim De\u011fi\u015fikli\u011finde Son Geli\u015fmeler: IPCC 2013 Raporu\u201d<\/a>, M. T\u00fcrke\u015f, \u00d6. L. \u015een, M. L. Kurnaz, \u00d6. Madra, ve \u00dc. \u015eahin. \u0130stanbul Politikalar Merkezi (2013). ISBN: 978-605-4348-66-4<\/p>\n\n\n\n<p><\/p>\n","protected":false},"excerpt":{"rendered":"<p>\u201c\u0130klim De\u011fi\u015fikli\u011fi ve Tar\u0131m D\u00fcnyas\u0131n\u0131n Gelece\u011fi\u201d, N. An, M. T. Turp, M. L. Kurnaz ve M. T\u00fcrke\u015f, Tar\u0131m-\u0130\u015f Sendikas\u0131 (2023). \u201cK\u00f6m\u00fcr Raporu: \u0130klim De\u011fi\u015fikli\u011fi, Ekonomi ve Sa\u011fl\u0131k A\u00e7\u0131s\u0131ndan T\u00fcrkiye\u2019nin K\u00f6m\u00fcr Politikalar\u0131\u201d, \u00dc. \u015eahin, A. A. A\u015f\u0131c\u0131, S. Acar, P. Gedikkaya Bal, A. O. Karababa, ve M. L. Kurnaz, \u0130stanbul Politikalar Merkezi (2015). ISBN: 978-605-9178-17-4. \u201c\u0130stanbul\u2019un &hellip; <\/p>\n<p class=\"link-more\"><a href=\"https:\/\/sonbuzulerimeden.org\/raporlar\/\" class=\"more-link\">Continue reading<span class=\"screen-reader-text\"> &#8220;Raporlar&#8221;<\/span><\/a><\/p>\n","protected":false},"author":1,"featured_media":0,"parent":0,"menu_order":0,"comment_status":"closed","ping_status":"closed","template":"","meta":{"footnotes":""},"class_list":["post-216","page","type-page","status-publish","hentry"],"_links":{"self":[{"href":"https:\/\/sonbuzulerimeden.org\/wp-json\/wp\/v2\/pages\/216"}],"collection":[{"href":"https:\/\/sonbuzulerimeden.org\/wp-json\/wp\/v2\/pages"}],"about":[{"href":"https:\/\/sonbuzulerimeden.org\/wp-json\/wp\/v2\/types\/page"}],"author":[{"embeddable":true,"href":"https:\/\/sonbuzulerimeden.org\/wp-json\/wp\/v2\/users\/1"}],"replies":[{"embeddable":true,"href":"https:\/\/sonbuzulerimeden.org\/wp-json\/wp\/v2\/comments?post=216"}],"version-history":[{"count":10,"href":"https:\/\/sonbuzulerimeden.org\/wp-json\/wp\/v2\/pages\/216\/revisions"}],"predecessor-version":[{"id":720,"href":"https:\/\/sonbuzulerimeden.org\/wp-json\/wp\/v2\/pages\/216\/revisions\/720"}],"wp:attachment":[{"href":"https:\/\/sonbuzulerimeden.org\/wp-json\/wp\/v2\/media?parent=216"}],"curies":[{"name":"wp","href":"https:\/\/api.w.org\/{rel}","templated":true}]}}