{"id":205,"date":"2021-03-01T21:50:17","date_gmt":"2021-03-01T18:50:17","guid":{"rendered":"http:\/\/sonbuzulerimeden.boun.edu.tr\/?page_id=205"},"modified":"2024-09-30T12:55:52","modified_gmt":"2024-09-30T09:55:52","slug":"tezler-danisman","status":"publish","type":"page","link":"https:\/\/sonbuzulerimeden.org\/tezler-danisman\/","title":{"rendered":"Tezler (Dan\u0131\u015fman)"},"content":{"rendered":"\n<h4 class=\"wp-block-heading\">2024<\/h4>\n\n\n\n<p> \u201dLeveraging Historical Climate Data and Machine Learning for Extreme Precipitation Forecasting\u201d, M. S. Thesis, Computational Science and Engineering, G\u00f6ktu\u011f \u00d6vren (2024).<\/p>\n\n\n\n<p> \u201dScalability of projected patterns of extreme weather events over Europe using regional climate model projections\u201d, M. S. Thesis, Computational Science and Engineering, Emine Canbaz (2024).<\/p>\n\n\n\n<p> \u201dThe performance of different physics parametrization on RegCM\u201d, M. S. Thesis, Computational Science and Engineering, Elmas Merve Samanc\u0131 (2024).<\/p>\n\n\n\n<p>\u201dRarest rainfall events in Turkey will see the greatest relative increase in magnitude under future climate change\u201d M. S. Thesis, Computational Science and Engineering, Ya\u011fmur Akverdi (2024).<\/p>\n\n\n\n<h4 class=\"wp-block-heading\">2023<\/h4>\n\n\n\n<p>\u201dImpact of climate change on wind energy projections in Turkey under RCP 4.5 and RCP 8.5 emission trajectories\u201d, M. S. Thesis, Environmental Sciences, Serkan Sayg\u0131n (2023).<\/p>\n\n\n\n<p>\u201dPredicting countries&#8217; vulnerability to climate change\u201d, M. S. Thesis, Computational Science and Engineering, Emre Kutlu\u011f (2023).<\/p>\n\n\n\n<p> \u201dEvaluation of Different Downscaling Approaches for Very-High-Resolution Climate Data\u201d, M. S. Thesis, Computational Science and Engineering, Zekican Demiralay (2023).<\/p>\n\n\n\n<p>\u201dFuture Predictions of Global Hotspots for Temperature and Precipitation Extremes with CMIP6 Model\u201d, M. S. Thesis, Computational Science and Engineering, Elif Bay\u0131nd\u0131r (2023).<\/p>\n\n\n\n<p>\u201cTransition and Physical Risk Analysis for the Provinces with the Largest Shape in T\u00fcrkiye\u2019s GDP\u201d, M. S. Thesis, Computational Science and Engineering, Utku G\u00f6k\u00e7e (2023).<\/p>\n\n\n\n<p> \u201cLife Cycle Analysis of different cousines\u201d, M. S. Thesis, Computational Science and Engineering, Dalya \u00c7atal\u00e7eki\u00e7 (2023).<\/p>\n\n\n\n<h4 class=\"wp-block-heading\">2022<\/h4>\n\n\n\n<p>\u201dA comparative evaluation of machine learning algorithms for statistical downscaling of monthly mean temperature data over a European region\u201d, M. S. Thesis, Computational Science and Engineering, G\u00fcnay Eser (2022).<\/p>\n\n\n\n<h4 class=\"wp-block-heading\">2021<\/h4>\n\n\n\n<p>\u201dProjections for changes in climatology and extreme events of the CORDEX-Australasia domain: A dynamical downscaling approach\u201d, Ph. D. Thesis, Environmental Sciences, Mustafa Tufan Turp (2021).<\/p>\n\n\n\n<h4 class=\"wp-block-heading\">2020<\/h4>\n\n\n\n<p>&#8220;Agricultural Decision-Making in Turkey from Climate Change Perspective: A New Road Map for the Period 2021 \u2013 2050\u201d, Ph. D. Thesis, Environmental Sciences, Nazan An (2020).<\/p>\n\n\n\n<h4 class=\"wp-block-heading\">2019<\/h4>\n\n\n\n<p>&#8220;Gridded Distribution of Daily Non-Uniform Meteorological Station Data of Turkey\u201d, M. S. Thesis, Computational Science and Engineering, \u00d6mer Heperkan (2019).<\/p>\n\n\n\n<p>&#8220;Statistical Return Periods of Extreme Weather Events\u201d, M. S. Thesis, Computational Science and Engineering, Ayta\u00e7 Pa\u00e7al (2019).<\/p>\n\n\n\n<p>&#8220;Climate Change Projections of Cyprus Using RegCM4.4\u201d, M. S. Thesis, Computational Science and Engineering, Ferhan B\u00fc\u015fra Deler (2019).<\/p>\n\n\n\n<p>&#8220;Changes in the Extreme Climatological Events in the MENA Region\u201d, M. S. Thesis, Physics, Alican Kartal (2019).<\/p>\n\n\n\n<p>&#8220;A New Definition of Heat Waves under Climate Change\u201d, M. S. Thesis, Computational Science and Engineering, Cemre Kassara (2019).<\/p>\n\n\n\n<p>&#8220;The Effect of The Wind Pattern Change on The Environmental\/Climatic Conditions Within Cities\u201c, M. S. Thesis, Computational Science and Engineering, Bahad\u0131r Baykal (2019).<\/p>\n\n\n\n<h4 class=\"wp-block-heading\">2018<\/h4>\n\n\n\n<p>&#8220;A New Methodology for Climate Model Selection and Application to Temperature, Heat Wave, WBGT and Labor Productivity Analysis\u201d, Ph. D. Thesis, Physics, Hamza Alt\u0131nsoy (2018).<\/p>\n\n\n\n<h4 class=\"wp-block-heading\">2017<\/h4>\n\n\n\n<p>&#8220;Determination of the changes of drought occurrence in Middle East and North Africa using regional climate modeling\u201d, M. S. Thesis, Computational Science and Engineering, Fatma Sibel Sayg\u0131l\u0131 (2017).<\/p>\n\n\n\n<h4 class=\"wp-block-heading\">2016<\/h4>\n\n\n\n<p>&#8220;Determination of local wind energy potentials using climate modeling\u201d, M. S. Thesis, Computational Science and Engineering, Kamil \u00c7\u00f6ll\u00fc (2016).<\/p>\n\n\n\n<h4 class=\"wp-block-heading\">2014<\/h4>\n\n\n\n<p>&#8220;Improving Physical Parametrization for Warm Bias of RegCM4.0 on Arctic and Sub-Arctic (Mid, Mid-East and Northeast) Asia Regions\u201d, Ph. D. Thesis, Physics, Tu\u011fba \u00d6zt\u00fcrk (2014).<\/p>\n\n\n\n<h4 class=\"wp-block-heading\">2013<\/h4>\n\n\n\n<p>&#8220;Climate change impacts on migration in the vulnerable countries\u201d, M. S. Thesis, Computational Science and Engineering, Nazan An (2013).<\/p>\n\n\n\n<p>&#8220;The projection of mean temperature and precipitation for Ethiopia, Bangladesh, and Netherlands\u201d, M. S. Thesis, Computational Science and Engineering, Gamze Ayd\u0131n-\u0130ncealt\u0131n (2013).<\/p>\n\n\n\n<h4 class=\"wp-block-heading\">2010<\/h4>\n\n\n\n<p>\u201cStatistical Relationship Between the North Atlantic Oscillation and the Climate of Turkey\u201d, M.S. Thesis, Computational Science and Engineering, Mustafa Tufan Turp (2010).<\/p>\n\n\n\n<h4 class=\"wp-block-heading\">2009<\/h4>\n\n\n\n<p>\u201cMechanically Exfoliated Single and Multilayer Graphene Sheets and Graphene Field Effect Transistor\u201d, M.S. Thesis,&nbsp; Physics, Selin Manukyan (2009).<\/p>\n\n\n\n<h4 class=\"wp-block-heading\">2008<\/h4>\n\n\n\n<p>\u201cThe Application of the Modified Bath\u2019s Law to the Fault Zones in Turkey\u201d, M.S. Thesis,&nbsp; Physics, T. \u00d6zt\u00fcrk G\u00f6kg\u00f6l (2008).<\/p>\n\n\n\n<p>\u201cModeling of Multilane Highway Traffic and Analysis of Jam Formation\u201d, M.S. Thesis,&nbsp; Physics, A. N. \u0130mrem (2008).<\/p>\n\n\n\n<p>\u201cCorrelation Analysis of Housing Prices and Economic Indicators\u201d, M.S. Thesis,&nbsp; Physics, H. Alt\u0131nsoy (2008).<\/p>\n\n\n\n<h4 class=\"wp-block-heading\">2006<\/h4>\n\n\n\n<p>\u201cCellular Automata Modeling of Multilane Highway Traffic\u201d, M.S. Thesis,&nbsp; Physics, H. T. King (2006).<\/p>\n\n\n\n<p>\u201cMachine Learning Algorithms in Classification and Diagnostic Prediction of Cancers Using Gene Expression Profiling\u201d, M.S. Thesis,&nbsp; Physics, T. Alt\u0131ndal (2006).<\/p>\n\n\n\n<p>\u201cThe Application of the Modified Form of Bath\u2019s Law to the North Anatolian Fault Zone, Aegean Graben System, and Cyprus Arc Zone\u201d, M.S. Thesis,&nbsp; Physics, S. E. Yal\u00e7\u0131n (2006).<\/p>\n\n\n\n<p>\u201cTerrain Induced Wind Profiles\u201d, M.S. Thesis,&nbsp; Physics, E. Bayraktar (2006).<\/p>\n\n\n\n<h4 class=\"wp-block-heading\">2004<\/h4>\n\n\n\n<p>\u201cComputational Simulation of Replication Potential of Cells via MAPK Pathway\u201d, M.S. Thesis, Biomedical Engineering, \u0130. \u00d6ney (2004).<\/p>\n\n\n\n<p>\u201cMonte Carlo Simulation and Statistical Analysis of Genetic Information Coding\u201d, Y\u00fcksek Lisans Tezi, Physics, E. G\u00fcltepe (2004).<\/p>\n\n\n\n<h4 class=\"wp-block-heading\">2003<\/h4>\n\n\n\n<p>&nbsp;\u201cComputer Simulation of NGF Induced TrkA Signal Transduction Pathway in PC12 Cells\u201d, M.S. Thesis, Biomedical Engineering, S. S. Y\u0131lmaz (2003).<\/p>\n\n\n\n<h4 class=\"wp-block-heading\">2002<\/h4>\n\n\n\n<p>\u201cMonte Carlo Simulation of Lattice Growth from Solution with Lattice Defects in Three Dimensions\u201d, M.S. Thesis, Physics, E. Kamber (2002).<\/p>\n","protected":false},"excerpt":{"rendered":"<p>2024 \u201dLeveraging Historical Climate Data and Machine Learning for Extreme Precipitation Forecasting\u201d, M. S. Thesis, Computational Science and Engineering, G\u00f6ktu\u011f \u00d6vren (2024). \u201dScalability of projected patterns of extreme weather events over Europe using regional climate model projections\u201d, M. S. Thesis, Computational Science and Engineering, Emine Canbaz (2024). \u201dThe performance of different physics parametrization on RegCM\u201d, &hellip; <\/p>\n<p class=\"link-more\"><a href=\"https:\/\/sonbuzulerimeden.org\/tezler-danisman\/\" class=\"more-link\">Continue reading<span class=\"screen-reader-text\"> &#8220;Tezler (Dan\u0131\u015fman)&#8221;<\/span><\/a><\/p>\n","protected":false},"author":1,"featured_media":0,"parent":0,"menu_order":0,"comment_status":"closed","ping_status":"closed","template":"","meta":{"footnotes":""},"class_list":["post-205","page","type-page","status-publish","hentry"],"_links":{"self":[{"href":"https:\/\/sonbuzulerimeden.org\/wp-json\/wp\/v2\/pages\/205"}],"collection":[{"href":"https:\/\/sonbuzulerimeden.org\/wp-json\/wp\/v2\/pages"}],"about":[{"href":"https:\/\/sonbuzulerimeden.org\/wp-json\/wp\/v2\/types\/page"}],"author":[{"embeddable":true,"href":"https:\/\/sonbuzulerimeden.org\/wp-json\/wp\/v2\/users\/1"}],"replies":[{"embeddable":true,"href":"https:\/\/sonbuzulerimeden.org\/wp-json\/wp\/v2\/comments?post=205"}],"version-history":[{"count":4,"href":"https:\/\/sonbuzulerimeden.org\/wp-json\/wp\/v2\/pages\/205\/revisions"}],"predecessor-version":[{"id":711,"href":"https:\/\/sonbuzulerimeden.org\/wp-json\/wp\/v2\/pages\/205\/revisions\/711"}],"wp:attachment":[{"href":"https:\/\/sonbuzulerimeden.org\/wp-json\/wp\/v2\/media?parent=205"}],"curies":[{"name":"wp","href":"https:\/\/api.w.org\/{rel}","templated":true}]}}