{"id":176,"date":"2021-03-01T21:34:58","date_gmt":"2021-03-01T18:34:58","guid":{"rendered":"http:\/\/sonbuzulerimeden.boun.edu.tr\/?page_id=176"},"modified":"2024-09-30T14:32:49","modified_gmt":"2024-09-30T11:32:49","slug":"tedx-talks","status":"publish","type":"page","link":"https:\/\/sonbuzulerimeden.org\/tedx-talks\/","title":{"rendered":"TEDx Talks"},"content":{"rendered":"\n<div class=\"wp-block-media-text alignwide is-stacked-on-mobile\"><figure class=\"wp-block-media-text__media\"><a href=\"https:\/\/www.youtube.com\/watch?v=tij9J1dElG4&amp;t=6s\" target=\"_blank\" rel=\"noopener\"><img loading=\"lazy\" decoding=\"async\" width=\"1024\" height=\"542\" src=\"https:\/\/sonbuzulerimeden.org\/wp-content\/uploads\/2024\/09\/dundenyarina-1024x542.png\" alt=\"\" class=\"wp-image-756 size-full\" srcset=\"https:\/\/sonbuzulerimeden.org\/wp-content\/uploads\/2024\/09\/dundenyarina-1024x542.png 1024w, https:\/\/sonbuzulerimeden.org\/wp-content\/uploads\/2024\/09\/dundenyarina-300x159.png 300w, https:\/\/sonbuzulerimeden.org\/wp-content\/uploads\/2024\/09\/dundenyarina-768x406.png 768w, https:\/\/sonbuzulerimeden.org\/wp-content\/uploads\/2024\/09\/dundenyarina.png 1214w\" sizes=\"(max-width: 706px) 89vw, (max-width: 767px) 82vw, 740px\" \/><\/a><\/figure><div class=\"wp-block-media-text__content\">\n<h2 class=\"wp-block-heading\"><a rel=\"noreferrer noopener\" href=\"https:\/\/www.youtube.com\/watch?v=tij9J1dElG4&amp;t=6s\" target=\"_blank\">D\u00fcnden Yar\u0131na: \u0130klim ve Tar\u0131m<\/a><\/h2>\n<\/div><\/div>\n\n\n\n<hr class=\"wp-block-separator has-css-opacity is-style-wide\"\/>\n\n\n\n<div class=\"wp-block-media-text alignwide is-stacked-on-mobile\"><figure class=\"wp-block-media-text__media\"><a href=\"https:\/\/www.youtube.com\/watch?v=xQpOCkzjq4U\" target=\"_blank\" rel=\"noopener\"><img loading=\"lazy\" decoding=\"async\" width=\"1024\" height=\"576\" src=\"https:\/\/sonbuzulerimeden.org\/wp-content\/uploads\/2024\/09\/ucuruma-1024x576.jpg\" alt=\"\" class=\"wp-image-758 size-full\" srcset=\"https:\/\/sonbuzulerimeden.org\/wp-content\/uploads\/2024\/09\/ucuruma-1024x576.jpg 1024w, https:\/\/sonbuzulerimeden.org\/wp-content\/uploads\/2024\/09\/ucuruma-300x169.jpg 300w, https:\/\/sonbuzulerimeden.org\/wp-content\/uploads\/2024\/09\/ucuruma-768x432.jpg 768w, https:\/\/sonbuzulerimeden.org\/wp-content\/uploads\/2024\/09\/ucuruma.jpg 1280w\" sizes=\"(max-width: 706px) 89vw, (max-width: 767px) 82vw, 740px\" \/><\/a><\/figure><div class=\"wp-block-media-text__content\">\n<h2 class=\"wp-block-heading\"><a rel=\"noreferrer noopener\" href=\"https:\/\/www.youtube.com\/watch?v=xQpOCkzjq4U\" target=\"_blank\">U\u00e7uruma Tam Gaz: \u0130klim De\u011fi\u015fikli\u011fi<\/a><\/h2>\n\n\n\n<p><\/p>\n<\/div><\/div>\n\n\n\n<hr class=\"wp-block-separator has-css-opacity is-style-wide\"\/>\n\n\n\n<div class=\"wp-block-media-text alignwide is-stacked-on-mobile\"><figure class=\"wp-block-media-text__media\"><a href=\"https:\/\/www.youtube.com\/watch?v=2z1iK8l1GHI\" target=\"_blank\" rel=\"noopener\"><img loading=\"lazy\" decoding=\"async\" width=\"1024\" height=\"576\" src=\"https:\/\/sonbuzulerimeden.org\/wp-content\/uploads\/2024\/09\/yamevsimler-1024x576.jpg\" alt=\"\" class=\"wp-image-759 size-full\" srcset=\"https:\/\/sonbuzulerimeden.org\/wp-content\/uploads\/2024\/09\/yamevsimler-1024x576.jpg 1024w, https:\/\/sonbuzulerimeden.org\/wp-content\/uploads\/2024\/09\/yamevsimler-300x169.jpg 300w, https:\/\/sonbuzulerimeden.org\/wp-content\/uploads\/2024\/09\/yamevsimler-768x432.jpg 768w, https:\/\/sonbuzulerimeden.org\/wp-content\/uploads\/2024\/09\/yamevsimler.jpg 1280w\" sizes=\"(max-width: 706px) 89vw, (max-width: 767px) 82vw, 740px\" \/><\/a><\/figure><div class=\"wp-block-media-text__content\">\n<h2 class=\"wp-block-heading\"><a rel=\"noreferrer noopener\" href=\"https:\/\/www.youtube.com\/watch?v=2z1iK8l1GHI\" target=\"_blank\">Ya Mevsimler De\u011fi\u015firse?<\/a><\/h2>\n<\/div><\/div>\n\n\n\n<hr class=\"wp-block-separator has-css-opacity is-style-wide\"\/>\n\n\n\n<div class=\"wp-block-media-text alignwide is-stacked-on-mobile\"><figure class=\"wp-block-media-text__media\"><a href=\"https:\/\/www.youtube.com\/watch?v=BXoAOidHdXQ\" target=\"_blank\" rel=\"noopener\"><img loading=\"lazy\" decoding=\"async\" width=\"1024\" height=\"576\" src=\"https:\/\/sonbuzulerimeden.org\/wp-content\/uploads\/2024\/09\/insanlae-1024x576.jpg\" alt=\"\" class=\"wp-image-760 size-full\" srcset=\"https:\/\/sonbuzulerimeden.org\/wp-content\/uploads\/2024\/09\/insanlae-1024x576.jpg 1024w, https:\/\/sonbuzulerimeden.org\/wp-content\/uploads\/2024\/09\/insanlae-300x169.jpg 300w, https:\/\/sonbuzulerimeden.org\/wp-content\/uploads\/2024\/09\/insanlae-768x432.jpg 768w, https:\/\/sonbuzulerimeden.org\/wp-content\/uploads\/2024\/09\/insanlae.jpg 1280w\" sizes=\"(max-width: 706px) 89vw, (max-width: 767px) 82vw, 740px\" \/><\/a><\/figure><div class=\"wp-block-media-text__content\">\n<h2 class=\"wp-block-heading\"><a rel=\"noreferrer noopener\" href=\"https:\/\/www.youtube.com\/watch?v=BXoAOidHdXQ\" target=\"_blank\">\u0130klim De\u011fi\u015fikli\u011fi D\u00fcnyay\u0131 ve \u0130nsanlar\u0131 De\u011fi\u015ftirecek<\/a><\/h2>\n<\/div><\/div>\n","protected":false},"excerpt":{"rendered":"<p>D\u00fcnden Yar\u0131na: \u0130klim ve Tar\u0131m U\u00e7uruma Tam Gaz: \u0130klim De\u011fi\u015fikli\u011fi Ya Mevsimler De\u011fi\u015firse? \u0130klim De\u011fi\u015fikli\u011fi D\u00fcnyay\u0131 ve \u0130nsanlar\u0131 De\u011fi\u015ftirecek<\/p>\n","protected":false},"author":1,"featured_media":167,"parent":0,"menu_order":0,"comment_status":"closed","ping_status":"closed","template":"","meta":{"footnotes":""},"class_list":["post-176","page","type-page","status-publish","has-post-thumbnail","hentry"],"_links":{"self":[{"href":"https:\/\/sonbuzulerimeden.org\/wp-json\/wp\/v2\/pages\/176"}],"collection":[{"href":"https:\/\/sonbuzulerimeden.org\/wp-json\/wp\/v2\/pages"}],"about":[{"href":"https:\/\/sonbuzulerimeden.org\/wp-json\/wp\/v2\/types\/page"}],"author":[{"embeddable":true,"href":"https:\/\/sonbuzulerimeden.org\/wp-json\/wp\/v2\/users\/1"}],"replies":[{"embeddable":true,"href":"https:\/\/sonbuzulerimeden.org\/wp-json\/wp\/v2\/comments?post=176"}],"version-history":[{"count":6,"href":"https:\/\/sonbuzulerimeden.org\/wp-json\/wp\/v2\/pages\/176\/revisions"}],"predecessor-version":[{"id":761,"href":"https:\/\/sonbuzulerimeden.org\/wp-json\/wp\/v2\/pages\/176\/revisions\/761"}],"wp:featuredmedia":[{"embeddable":true,"href":"https:\/\/sonbuzulerimeden.org\/wp-json\/wp\/v2\/media\/167"}],"wp:attachment":[{"href":"https:\/\/sonbuzulerimeden.org\/wp-json\/wp\/v2\/media?parent=176"}],"curies":[{"name":"wp","href":"https:\/\/api.w.org\/{rel}","templated":true}]}}