{"id":166,"date":"2021-03-01T21:29:22","date_gmt":"2021-03-01T18:29:22","guid":{"rendered":"http:\/\/sonbuzulerimeden.boun.edu.tr\/?page_id=166"},"modified":"2024-09-30T14:39:27","modified_gmt":"2024-09-30T11:39:27","slug":"bilim-yayginlastirici","status":"publish","type":"page","link":"https:\/\/sonbuzulerimeden.org\/bilim-yayginlastirici\/","title":{"rendered":"Bilim Yayg\u0131nla\u015ft\u0131r\u0131c\u0131"},"content":{"rendered":"\n<h4 class=\"wp-block-heading\"><a href=\"https:\/\/sonbuzulerimeden.org\/index.php\/tedx-talks\/\" data-type=\"page\" data-id=\"176\">TEDx Talks <\/a><\/h4>\n\n\n\n<figure class=\"wp-block-image size-large is-resized\"><a href=\"http:\/\/sonbuzulerimeden.boun.edu.tr\/index.php\/tr\/tedx-talks\/\"><img loading=\"lazy\" decoding=\"async\" width=\"88\" height=\"88\" src=\"http:\/\/sonbuzulerimeden.boun.edu.tr\/wp-content\/uploads\/2021\/03\/unnamed.jpg\" alt=\"\" class=\"wp-image-167\" style=\"width:122px;height:122px\"\/><\/a><\/figure>\n\n\n\n<hr class=\"wp-block-separator has-css-opacity is-style-wide\"\/>\n\n\n\n<h4 class=\"wp-block-heading\"><a href=\"https:\/\/www.youtube.com\/channel\/UCWFJa73BmIHFJV2JYwQ0-ug\" target=\"_blank\" rel=\"noreferrer noopener\">Son Buzul Erimeden YouTube Kanal\u0131<\/a><\/h4>\n\n\n\n<figure class=\"wp-block-image size-large is-resized\"><a href=\"https:\/\/www.youtube.com\/channel\/UCWFJa73BmIHFJV2JYwQ0-ug\" target=\"_blank\" rel=\"noopener\"><img loading=\"lazy\" decoding=\"async\" width=\"88\" height=\"88\" src=\"http:\/\/sonbuzulerimeden.boun.edu.tr\/wp-content\/uploads\/2021\/03\/unnamed-1.jpg\" alt=\"\" class=\"wp-image-168\" style=\"width:124px;height:124px\"\/><\/a><\/figure>\n\n\n\n<hr class=\"wp-block-separator has-css-opacity is-style-wide\"\/>\n\n\n\n<h4 class=\"wp-block-heading\"><a href=\"https:\/\/sonbuzulerimeden.org\/index.php\/tubitak-bilim-genc\/\" data-type=\"page\" data-id=\"180\">T\u00dcB\u0130TAK Bilim Gen\u00e7<\/a><\/h4>\n\n\n\n<figure class=\"wp-block-image size-large is-resized\"><a href=\"http:\/\/sonbuzulerimeden.boun.edu.tr\/index.php\/tr\/tubitak-bilim-genc\/\"><img loading=\"lazy\" decoding=\"async\" width=\"88\" height=\"88\" src=\"http:\/\/sonbuzulerimeden.boun.edu.tr\/wp-content\/uploads\/2021\/03\/unnamed-2.jpg\" alt=\"\" class=\"wp-image-169\" style=\"width:134px;height:134px\"\/><\/a><\/figure>\n\n\n\n<hr class=\"wp-block-separator has-css-opacity is-style-wide\"\/>\n\n\n\n<h4 class=\"wp-block-heading\"><a href=\"https:\/\/sonbuzulerimeden.org\/index.php\/iklim-degisikligi-nedir-video-serisi\/\" data-type=\"page\" data-id=\"233\">\u0130klim De\u011fi\u015fikli\u011fi Nedir Video Serisi<\/a><\/h4>\n\n\n\n<figure class=\"wp-block-image size-large is-resized\"><a href=\"http:\/\/sonbuzulerimeden.boun.edu.tr\/index.php\/iklim-degisikligi-nedir-video-serisi\/\"><img loading=\"lazy\" decoding=\"async\" width=\"286\" height=\"277\" src=\"http:\/\/sonbuzulerimeden.boun.edu.tr\/wp-content\/uploads\/2021\/03\/baslik-1.png\" alt=\"\" class=\"wp-image-251\" style=\"width:139px;height:136px\"\/><\/a><\/figure>\n\n\n\n<hr class=\"wp-block-separator has-css-opacity is-style-wide\"\/>\n\n\n\n<h4 class=\"wp-block-heading\"><a href=\"https:\/\/open.spotify.com\/show\/4JFkQU4PiKlExqzjat8YBJ?si=FPtd4uf-TlCUvpwpWOi7yQ\" target=\"_blank\" rel=\"noreferrer noopener\">Son Buzul Erimeden Spotify Podcast Kanal\u0131<\/a><\/h4>\n\n\n\n<figure class=\"wp-block-image size-full is-resized\"><img loading=\"lazy\" decoding=\"async\" width=\"313\" height=\"393\" src=\"https:\/\/sonbuzulerimeden.org\/wp-content\/uploads\/2024\/09\/sonbuzulspotify.jpg\" alt=\"\" class=\"wp-image-776\" style=\"width:135px;height:171px\" srcset=\"https:\/\/sonbuzulerimeden.org\/wp-content\/uploads\/2024\/09\/sonbuzulspotify.jpg 313w, https:\/\/sonbuzulerimeden.org\/wp-content\/uploads\/2024\/09\/sonbuzulspotify-239x300.jpg 239w\" sizes=\"(max-width: 313px) 100vw, 313px\" \/><figcaption class=\"wp-element-caption\">Screenshot<\/figcaption><\/figure>\n","protected":false},"excerpt":{"rendered":"<p>TEDx Talks Son Buzul Erimeden YouTube Kanal\u0131 T\u00dcB\u0130TAK Bilim Gen\u00e7 \u0130klim De\u011fi\u015fikli\u011fi Nedir Video Serisi Son Buzul Erimeden Spotify Podcast Kanal\u0131<\/p>\n","protected":false},"author":1,"featured_media":0,"parent":0,"menu_order":0,"comment_status":"closed","ping_status":"closed","template":"","meta":{"footnotes":""},"class_list":["post-166","page","type-page","status-publish","hentry"],"_links":{"self":[{"href":"https:\/\/sonbuzulerimeden.org\/wp-json\/wp\/v2\/pages\/166"}],"collection":[{"href":"https:\/\/sonbuzulerimeden.org\/wp-json\/wp\/v2\/pages"}],"about":[{"href":"https:\/\/sonbuzulerimeden.org\/wp-json\/wp\/v2\/types\/page"}],"author":[{"embeddable":true,"href":"https:\/\/sonbuzulerimeden.org\/wp-json\/wp\/v2\/users\/1"}],"replies":[{"embeddable":true,"href":"https:\/\/sonbuzulerimeden.org\/wp-json\/wp\/v2\/comments?post=166"}],"version-history":[{"count":15,"href":"https:\/\/sonbuzulerimeden.org\/wp-json\/wp\/v2\/pages\/166\/revisions"}],"predecessor-version":[{"id":777,"href":"https:\/\/sonbuzulerimeden.org\/wp-json\/wp\/v2\/pages\/166\/revisions\/777"}],"wp:attachment":[{"href":"https:\/\/sonbuzulerimeden.org\/wp-json\/wp\/v2\/media?parent=166"}],"curies":[{"name":"wp","href":"https:\/\/api.w.org\/{rel}","templated":true}]}}